{"id":8396,"date":"2025-10-04T10:03:34","date_gmt":"2025-10-04T16:03:34","guid":{"rendered":"https:\/\/www.pauarte.com\/producto\/amy-unisex-t-shirt\/"},"modified":"2025-12-06T21:53:14","modified_gmt":"2025-12-07T03:53:14","slug":"amy-unisex-t-shirt","status":"publish","type":"product","link":"https:\/\/www.pauarte.com\/es\/producto\/amy-unisex-t-shirt\/","title":{"rendered":"Camiseta unisex ilustrada de Amy"},"content":{"rendered":"<p>?\ufe0f Amy \u2013 Camiseta ilustrada<\/p>\n<p>Colecci\u00f3n Estrellas de la M\u00fasica | Obra de arte original de Paula Rojas<\/p>\n<p>Rinde homenaje a la inigualable voz y alma de Amy con este dise\u00f1o exclusivo de PauArte. Con una ilustraci\u00f3n digital original dibujada a mano, esta camiseta unisex captura la elegancia, la fuerza y el estilo vintage de Amy: un \u00edcono atemporal que redefini\u00f3 el soul moderno.<\/p>\n<p>Confeccionada en la exclusiva camiseta unisex Bella + Canvas 3001, es suave, ligera y duradera, ofreciendo la combinaci\u00f3n perfecta de comodidad y estilo. Tanto si eres un fan incondicional, un coleccionista de m\u00fasica o simplemente aprecias el arte expresivo, esta prenda est\u00e1 dise\u00f1ada para destacar.<\/p>\n<p>\u2728 Aspectos destacados del producto:<\/p>\n<p>Ilustraci\u00f3n digital exclusiva dibujada a mano de Amy<br \/>\nElegante fondo negro con composici\u00f3n geom\u00e9trica.<br \/>\nImpresi\u00f3n DTG de alta calidad con env\u00edo internacional.<br \/>\nSuave, transpirable y favorecedor para todo tipo de cuerpo.<br \/>\nDise\u00f1ado para amantes de la m\u00fasica y almas creativas.<\/p>\n<p>Detalles de la tela:<br \/>\n\u2022 Algod\u00f3n peinado y hilado en anillo 100% (los colores jaspeados contienen poli\u00e9ster)<br \/>\n\u2022 Gramaje del tejido: 4,2 oz\/yd\u00b2 (142 g\/m\u00b2)<br \/>\n\u2022 Tejido preencogido<br \/>\n\u2022 Construcci\u00f3n con costuras laterales<br \/>\n\u2022 Vendaje de hombro a hombro<br \/>\n\u2022 Producto en blanco procedente de Nicaragua, M\u00e9xico, Honduras o Estados Unidos.<\/p>\n<p>Este producto se fabrica especialmente para ti en cuanto realizas tu pedido, por lo que la entrega puede demorar un poco m\u00e1s. Producir bajo demanda en lugar de en grandes cantidades ayuda a reducir la sobreproducci\u00f3n. \u00a1Gracias por tomar decisiones de compra conscientes!<\/p>\n<p>Nota para mujeres:<\/p>\n<p>Este modelo es unisex (Bella + Canvas 3001). Para un ajuste m\u00e1s ce\u00f1ido, recomendamos pedir una talla menos de la que usas habitualmente.<\/p>\n<p>Cumplimiento del producto \u2013 GPSR (UE)<\/p>\n<p>Fabricante: Printful Inc.<br \/>\n1101 E. 5th Street, Austin, TX 78702, EE. UU.<br \/>\nVendedor: PauArte \u2013 L\u00e1minas y prendas de vestir de Paula Rojas, Costa Rica<br \/>\nRepresentante de la UE: Sinden Ventures Limited,<br \/>\nMarkou Evgenikou 11, Mesa Geitonia, 4002, Limassol, Chipre<br \/>\ngpsr@sindenventures.com<\/p>","protected":false},"excerpt":{"rendered":"<p>?\ufe0f Amy \u2013 Illustrated T-Shirt Music Stars Collection | Original artwork by Paula Rojas Pay tribute to the unmatched voice and soul of Amy with this exclusive PauArte design. Featuring an original hand-drawn digital illustration, this unisex t-shirt captures Amy\u2019s elegance, strength, and vintage style \u2014 a timeless icon who redefined modern soul. Crafted in [&hellip;]<\/p>\n","protected":false},"featured_media":8665,"comment_status":"open","ping_status":"closed","template":"","meta":{"site-sidebar-layout":"default","site-content-layout":"","ast-site-content-layout":"default","site-content-style":"default","site-sidebar-style":"default","ast-global-header-display":"","ast-banner-title-visibility":"","ast-main-header-display":"","ast-hfb-above-header-display":"","ast-hfb-below-header-display":"","ast-hfb-mobile-header-display":"","site-post-title":"","ast-breadcrumbs-content":"","ast-featured-img":"","footer-sml-layout":"","theme-transparent-header-meta":"default","adv-header-id-meta":"","stick-header-meta":"","header-above-stick-meta":"","header-main-stick-meta":"","header-below-stick-meta":"","astra-migrate-meta-layouts":"set","ast-page-background-enabled":"default","ast-page-background-meta":{"desktop":{"background-color":"","background-image":"","background-repeat":"repeat","background-position":"center center","background-size":"auto","background-attachment":"scroll","background-type":"","background-media":"","overlay-type":"","overlay-color":"","overlay-opacity":"","overlay-gradient":""},"tablet":{"background-color":"","background-image":"","background-repeat":"repeat","background-position":"center center","background-size":"auto","background-attachment":"scroll","background-type":"","background-media":"","overlay-type":"","overlay-color":"","overlay-opacity":"","overlay-gradient":""},"mobile":{"background-color":"","background-image":"","background-repeat":"repeat","background-position":"center center","background-size":"auto","background-attachment":"scroll","background-type":"","background-media":"","overlay-type":"","overlay-color":"","overlay-opacity":"","overlay-gradient":""}},"ast-content-background-meta":{"desktop":{"background-color":"var(--ast-global-color-5)","background-image":"","background-repeat":"repeat","background-position":"center center","background-size":"auto","background-attachment":"scroll","background-type":"","background-media":"","overlay-type":"","overlay-color":"","overlay-opacity":"","overlay-gradient":""},"tablet":{"background-color":"var(--ast-global-color-5)","background-image":"","background-repeat":"repeat","background-position":"center center","background-size":"auto","background-attachment":"scroll","background-type":"","background-media":"","overlay-type":"","overlay-color":"","overlay-opacity":"","overlay-gradient":""},"mobile":{"background-color":"var(--ast-global-color-5)","background-image":"","background-repeat":"repeat","background-position":"center center","background-size":"auto","background-attachment":"scroll","background-type":"","background-media":"","overlay-type":"","overlay-color":"","overlay-opacity":"","overlay-gradient":""}}},"product_brand":[],"product_cat":[101],"product_tag":[],"class_list":{"0":"post-8396","1":"product","2":"type-product","3":"status-publish","4":"has-post-thumbnail","6":"product_cat-tshirts","7":"product_shipping_class-t-shirts","8":"desktop-align-left","9":"tablet-align-left","10":"mobile-align-left","12":"first","13":"instock","14":"taxable","15":"shipping-taxable","16":"purchasable","17":"product-type-variable","18":"has-default-attributes"},"yoast_head":"<!-- This site is optimized with the Yoast SEO plugin v27.4 - https:\/\/yoast.com\/product\/yoast-seo-wordpress\/ -->\n<title>Amy Illustrated Unisex T-Shirt - Pauarte<\/title>\n<meta name=\"robots\" content=\"index, follow, max-snippet:-1, max-image-preview:large, max-video-preview:-1\" \/>\n<link rel=\"canonical\" href=\"https:\/\/www.pauarte.com\/es\/producto\/amy-unisex-t-shirt\/\" \/>\n<meta property=\"og:locale\" content=\"es_ES\" \/>\n<meta property=\"og:type\" content=\"article\" \/>\n<meta property=\"og:title\" content=\"Amy Illustrated Unisex T-Shirt - Pauarte\" \/>\n<meta property=\"og:description\" content=\"?\ufe0f Amy \u2013 Illustrated T-Shirt Music Stars Collection | Original artwork by Paula Rojas Pay tribute to the unmatched voice and soul of Amy with this exclusive PauArte design. Featuring an original hand-drawn digital illustration, this unisex t-shirt captures Amy\u2019s elegance, strength, and vintage style \u2014 a timeless icon who redefined modern soul. Crafted in [&hellip;]\" \/>\n<meta property=\"og:url\" content=\"https:\/\/www.pauarte.com\/es\/producto\/amy-unisex-t-shirt\/\" \/>\n<meta property=\"og:site_name\" content=\"Pauarte\" \/>\n<meta property=\"article:modified_time\" content=\"2025-12-07T03:53:14+00:00\" \/>\n<meta property=\"og:image\" content=\"https:\/\/www.pauarte.com\/wp-content\/uploads\/2025\/10\/unisex-staple-t-shirt-heather-midnight-navy-front-68e2ef5559ea2.jpg\" \/>\n\t<meta property=\"og:image:width\" content=\"2000\" \/>\n\t<meta property=\"og:image:height\" content=\"2000\" \/>\n\t<meta property=\"og:image:type\" content=\"image\/jpeg\" \/>\n<meta name=\"twitter:card\" content=\"summary_large_image\" \/>\n<meta name=\"twitter:label1\" content=\"Est. reading time\" \/>\n\t<meta name=\"twitter:data1\" content=\"2 minutos\" \/>\n<script type=\"application\/ld+json\" class=\"yoast-schema-graph\">{\"@context\":\"https:\\\/\\\/schema.org\",\"@graph\":[{\"@type\":\"WebPage\",\"@id\":\"https:\\\/\\\/www.pauarte.com\\\/producto\\\/amy-unisex-t-shirt\\\/\",\"url\":\"https:\\\/\\\/www.pauarte.com\\\/producto\\\/amy-unisex-t-shirt\\\/\",\"name\":\"Amy Illustrated Unisex T-Shirt - Pauarte\",\"isPartOf\":{\"@id\":\"https:\\\/\\\/www.pauarte.com\\\/#website\"},\"primaryImageOfPage\":{\"@id\":\"https:\\\/\\\/www.pauarte.com\\\/producto\\\/amy-unisex-t-shirt\\\/#primaryimage\"},\"image\":{\"@id\":\"https:\\\/\\\/www.pauarte.com\\\/producto\\\/amy-unisex-t-shirt\\\/#primaryimage\"},\"thumbnailUrl\":\"https:\\\/\\\/www.pauarte.com\\\/wp-content\\\/uploads\\\/2025\\\/10\\\/unisex-staple-t-shirt-heather-midnight-navy-front-68e2ef5559ea2.jpg\",\"datePublished\":\"2025-10-04T16:03:34+00:00\",\"dateModified\":\"2025-12-07T03:53:14+00:00\",\"breadcrumb\":{\"@id\":\"https:\\\/\\\/www.pauarte.com\\\/producto\\\/amy-unisex-t-shirt\\\/#breadcrumb\"},\"inLanguage\":\"es-CR\",\"potentialAction\":[{\"@type\":\"ReadAction\",\"target\":[\"https:\\\/\\\/www.pauarte.com\\\/producto\\\/amy-unisex-t-shirt\\\/\"]}]},{\"@type\":\"ImageObject\",\"inLanguage\":\"es-CR\",\"@id\":\"https:\\\/\\\/www.pauarte.com\\\/producto\\\/amy-unisex-t-shirt\\\/#primaryimage\",\"url\":\"https:\\\/\\\/www.pauarte.com\\\/wp-content\\\/uploads\\\/2025\\\/10\\\/unisex-staple-t-shirt-heather-midnight-navy-front-68e2ef5559ea2.jpg\",\"contentUrl\":\"https:\\\/\\\/www.pauarte.com\\\/wp-content\\\/uploads\\\/2025\\\/10\\\/unisex-staple-t-shirt-heather-midnight-navy-front-68e2ef5559ea2.jpg\",\"width\":2000,\"height\":2000},{\"@type\":\"BreadcrumbList\",\"@id\":\"https:\\\/\\\/www.pauarte.com\\\/producto\\\/amy-unisex-t-shirt\\\/#breadcrumb\",\"itemListElement\":[{\"@type\":\"ListItem\",\"position\":1,\"name\":\"Portada\",\"item\":\"https:\\\/\\\/www.pauarte.com\\\/\"},{\"@type\":\"ListItem\",\"position\":2,\"name\":\"Shop\",\"item\":\"https:\\\/\\\/www.pauarte.com\\\/shop\\\/\"},{\"@type\":\"ListItem\",\"position\":3,\"name\":\"Amy Illustrated Unisex T-Shirt\"}]},{\"@type\":\"WebSite\",\"@id\":\"https:\\\/\\\/www.pauarte.com\\\/#website\",\"url\":\"https:\\\/\\\/www.pauarte.com\\\/\",\"name\":\"Pauarte\",\"description\":\"Original Art on products\",\"publisher\":{\"@id\":\"https:\\\/\\\/www.pauarte.com\\\/#\\\/schema\\\/person\\\/2d8f88fdc14cb16c433bcc52ed42d165\"},\"potentialAction\":[{\"@type\":\"SearchAction\",\"target\":{\"@type\":\"EntryPoint\",\"urlTemplate\":\"https:\\\/\\\/www.pauarte.com\\\/?s={search_term_string}\"},\"query-input\":{\"@type\":\"PropertyValueSpecification\",\"valueRequired\":true,\"valueName\":\"search_term_string\"}}],\"inLanguage\":\"es-CR\"},{\"@type\":[\"Person\",\"Organization\"],\"@id\":\"https:\\\/\\\/www.pauarte.com\\\/#\\\/schema\\\/person\\\/2d8f88fdc14cb16c433bcc52ed42d165\",\"name\":\"Paula Rojas Brenes\",\"image\":{\"@type\":\"ImageObject\",\"inLanguage\":\"es-CR\",\"@id\":\"https:\\\/\\\/www.pauarte.com\\\/wp-content\\\/uploads\\\/2022\\\/06\\\/perfil-marketing-CIRCULO.png\",\"url\":\"https:\\\/\\\/www.pauarte.com\\\/wp-content\\\/uploads\\\/2022\\\/06\\\/perfil-marketing-CIRCULO.png\",\"contentUrl\":\"https:\\\/\\\/www.pauarte.com\\\/wp-content\\\/uploads\\\/2022\\\/06\\\/perfil-marketing-CIRCULO.png\",\"width\":1200,\"height\":1200,\"caption\":\"Paula Rojas Brenes\"},\"logo\":{\"@id\":\"https:\\\/\\\/www.pauarte.com\\\/wp-content\\\/uploads\\\/2022\\\/06\\\/perfil-marketing-CIRCULO.png\"}}]}<\/script>\n<!-- \/ Yoast SEO plugin. -->","yoast_head_json":{"title":"Amy Illustrated Unisex T-Shirt - Pauarte","robots":{"index":"index","follow":"follow","max-snippet":"max-snippet:-1","max-image-preview":"max-image-preview:large","max-video-preview":"max-video-preview:-1"},"canonical":"https:\/\/www.pauarte.com\/es\/producto\/amy-unisex-t-shirt\/","og_locale":"es_ES","og_type":"article","og_title":"Amy Illustrated Unisex T-Shirt - Pauarte","og_description":"?\ufe0f Amy \u2013 Illustrated T-Shirt Music Stars Collection | Original artwork by Paula Rojas Pay tribute to the unmatched voice and soul of Amy with this exclusive PauArte design. Featuring an original hand-drawn digital illustration, this unisex t-shirt captures Amy\u2019s elegance, strength, and vintage style \u2014 a timeless icon who redefined modern soul. Crafted in [&hellip;]","og_url":"https:\/\/www.pauarte.com\/es\/producto\/amy-unisex-t-shirt\/","og_site_name":"Pauarte","article_modified_time":"2025-12-07T03:53:14+00:00","og_image":[{"width":2000,"height":2000,"url":"https:\/\/www.pauarte.com\/wp-content\/uploads\/2025\/10\/unisex-staple-t-shirt-heather-midnight-navy-front-68e2ef5559ea2.jpg","type":"image\/jpeg"}],"twitter_card":"summary_large_image","twitter_misc":{"Est. reading time":"2 minutos"},"schema":{"@context":"https:\/\/schema.org","@graph":[{"@type":"WebPage","@id":"https:\/\/www.pauarte.com\/producto\/amy-unisex-t-shirt\/","url":"https:\/\/www.pauarte.com\/producto\/amy-unisex-t-shirt\/","name":"Amy Illustrated Unisex T-Shirt - Pauarte","isPartOf":{"@id":"https:\/\/www.pauarte.com\/#website"},"primaryImageOfPage":{"@id":"https:\/\/www.pauarte.com\/producto\/amy-unisex-t-shirt\/#primaryimage"},"image":{"@id":"https:\/\/www.pauarte.com\/producto\/amy-unisex-t-shirt\/#primaryimage"},"thumbnailUrl":"https:\/\/www.pauarte.com\/wp-content\/uploads\/2025\/10\/unisex-staple-t-shirt-heather-midnight-navy-front-68e2ef5559ea2.jpg","datePublished":"2025-10-04T16:03:34+00:00","dateModified":"2025-12-07T03:53:14+00:00","breadcrumb":{"@id":"https:\/\/www.pauarte.com\/producto\/amy-unisex-t-shirt\/#breadcrumb"},"inLanguage":"es-CR","potentialAction":[{"@type":"ReadAction","target":["https:\/\/www.pauarte.com\/producto\/amy-unisex-t-shirt\/"]}]},{"@type":"ImageObject","inLanguage":"es-CR","@id":"https:\/\/www.pauarte.com\/producto\/amy-unisex-t-shirt\/#primaryimage","url":"https:\/\/www.pauarte.com\/wp-content\/uploads\/2025\/10\/unisex-staple-t-shirt-heather-midnight-navy-front-68e2ef5559ea2.jpg","contentUrl":"https:\/\/www.pauarte.com\/wp-content\/uploads\/2025\/10\/unisex-staple-t-shirt-heather-midnight-navy-front-68e2ef5559ea2.jpg","width":2000,"height":2000},{"@type":"BreadcrumbList","@id":"https:\/\/www.pauarte.com\/producto\/amy-unisex-t-shirt\/#breadcrumb","itemListElement":[{"@type":"ListItem","position":1,"name":"Portada","item":"https:\/\/www.pauarte.com\/"},{"@type":"ListItem","position":2,"name":"Shop","item":"https:\/\/www.pauarte.com\/shop\/"},{"@type":"ListItem","position":3,"name":"Amy Illustrated Unisex T-Shirt"}]},{"@type":"WebSite","@id":"https:\/\/www.pauarte.com\/#website","url":"https:\/\/www.pauarte.com\/","name":"Pauarte","description":"Original Art on products","publisher":{"@id":"https:\/\/www.pauarte.com\/#\/schema\/person\/2d8f88fdc14cb16c433bcc52ed42d165"},"potentialAction":[{"@type":"SearchAction","target":{"@type":"EntryPoint","urlTemplate":"https:\/\/www.pauarte.com\/?s={search_term_string}"},"query-input":{"@type":"PropertyValueSpecification","valueRequired":true,"valueName":"search_term_string"}}],"inLanguage":"es-CR"},{"@type":["Person","Organization"],"@id":"https:\/\/www.pauarte.com\/#\/schema\/person\/2d8f88fdc14cb16c433bcc52ed42d165","name":"Paula Rojas Brenes","image":{"@type":"ImageObject","inLanguage":"es-CR","@id":"https:\/\/www.pauarte.com\/wp-content\/uploads\/2022\/06\/perfil-marketing-CIRCULO.png","url":"https:\/\/www.pauarte.com\/wp-content\/uploads\/2022\/06\/perfil-marketing-CIRCULO.png","contentUrl":"https:\/\/www.pauarte.com\/wp-content\/uploads\/2022\/06\/perfil-marketing-CIRCULO.png","width":1200,"height":1200,"caption":"Paula Rojas Brenes"},"logo":{"@id":"https:\/\/www.pauarte.com\/wp-content\/uploads\/2022\/06\/perfil-marketing-CIRCULO.png"}}]}},"_links":{"self":[{"href":"https:\/\/www.pauarte.com\/es\/wp-json\/wp\/v2\/product\/8396","targetHints":{"allow":["GET"]}}],"collection":[{"href":"https:\/\/www.pauarte.com\/es\/wp-json\/wp\/v2\/product"}],"about":[{"href":"https:\/\/www.pauarte.com\/es\/wp-json\/wp\/v2\/types\/product"}],"replies":[{"embeddable":true,"href":"https:\/\/www.pauarte.com\/es\/wp-json\/wp\/v2\/comments?post=8396"}],"wp:featuredmedia":[{"embeddable":true,"href":"https:\/\/www.pauarte.com\/es\/wp-json\/wp\/v2\/media\/8665"}],"wp:attachment":[{"href":"https:\/\/www.pauarte.com\/es\/wp-json\/wp\/v2\/media?parent=8396"}],"wp:term":[{"taxonomy":"product_brand","embeddable":true,"href":"https:\/\/www.pauarte.com\/es\/wp-json\/wp\/v2\/product_brand?post=8396"},{"taxonomy":"product_cat","embeddable":true,"href":"https:\/\/www.pauarte.com\/es\/wp-json\/wp\/v2\/product_cat?post=8396"},{"taxonomy":"product_tag","embeddable":true,"href":"https:\/\/www.pauarte.com\/es\/wp-json\/wp\/v2\/product_tag?post=8396"}],"curies":[{"name":"wp","href":"https:\/\/api.w.org\/{rel}","templated":true}]}}