{"id":8357,"date":"2025-10-04T09:50:23","date_gmt":"2025-10-04T15:50:23","guid":{"rendered":"https:\/\/www.pauarte.com\/producto\/axl-rose-unisex-hoodie\/"},"modified":"2025-12-06T21:54:10","modified_gmt":"2025-12-07T03:54:10","slug":"axl-rose-unisex-hoodie","status":"publish","type":"product","link":"https:\/\/www.pauarte.com\/es\/producto\/axl-rose-unisex-hoodie\/","title":{"rendered":"Hoodie unisex ilustraci\u00f3n de Axl Rose"},"content":{"rendered":"<p>Sudadera con capucha ilustrada de Axl Rose<\/p>\n<p>Colecci\u00f3n Estrellas de la M\u00fasica | Obra de arte original de Paula Rojas<\/p>\n<p>Canaliza el esp\u00edritu del rock &#039;n&#039; roll con esta sudadera exclusiva de PauArte que presenta un retrato digital original dibujado a mano de Axl Rose, la legendaria voz de Guns N&#039; Roses. Dise\u00f1ada para los fans que viven intensamente y visten con audacia, esta prenda combina comodidad, durabilidad y actitud en una pieza atemporal.<\/p>\n<p>Confeccionada con una suave mezcla de algod\u00f3n y poli\u00e9ster, esta sudadera con capucha te brinda una calidez acogedora sin renunciar al estilo. Ya sea en un concierto, de viaje o relaj\u00e1ndote en casa, es la combinaci\u00f3n perfecta de arte y rebeld\u00eda.<\/p>\n<p>\u2728 Aspectos destacados del producto:<\/p>\n<p>Ilustraci\u00f3n digital exclusiva dibujada a mano de Axl Rose<br \/>\nFondo negro con una composici\u00f3n geom\u00e9trica llamativa.<br \/>\nImpresi\u00f3n DTG de alta calidad con colores vivos.<br \/>\nInterior de suave tejido polar y ajuste cl\u00e1sico.<br \/>\nCapucha con doble forro y bolsillo frontal tipo canguro.<br \/>\nDisponible en varios tama\u00f1os con env\u00edo internacional.<\/p>\n<p>Detalles de la tela:<br \/>\n\u2022 Algod\u00f3n preencogido 50%, poli\u00e9ster 50%<br \/>\n\u2022 Gramaje del tejido: 8,0 oz\/yd\u00b2 (271,25 g\/m\u00b2)<br \/>\n\u2022 Hilo hilado con chorro de aire para una sensaci\u00f3n suave y una menor formaci\u00f3n de bolitas.<br \/>\n\u2022 Costuras de doble aguja en cuello, hombros, sisas, pu\u00f1os y dobladillo.<br \/>\n\u2022 Producto en blanco procedente de Honduras, M\u00e9xico o Nicaragua.<\/p>\n<p>Esta sudadera con capucha se confecciona especialmente para ti en cuanto realizas tu pedido, por lo que la entrega puede tardar un poco m\u00e1s. Producir bajo demanda en lugar de en masa ayuda a reducir la sobreproducci\u00f3n. Gracias por apoyar la creaci\u00f3n con esmero.<\/p>\n<p>Nota para mujeres:<\/p>\n<p>Esta es una sudadera con capucha unisex (Gildan 18500). Para un ajuste m\u00e1s ce\u00f1ido, recomendamos pedir una talla menos de la que usas habitualmente.<\/p>\n<p>Cumplimiento del producto \u2013 GPSR (UE)<\/p>\n<p>Fabricante: Printful Inc.<br \/>\n1101 E. 5th Street, Austin, TX 78702, EE. UU.<br \/>\nVendedor: PauArte \u2013 L\u00e1minas y prendas de vestir de Paula Rojas, Costa Rica<br \/>\nRepresentante en la UE: Sinden Ventures Limited, Markou Evgenikou 11, Mesa Geitonia, 4002 Limassol, Chipre<br \/>\ngpsr@sindenventures.com<\/p>","protected":false},"excerpt":{"rendered":"<p>? Axl Rose \u2013 Illustrated Hoodie Music Stars Collection | Original artwork by Paula Rojas Channel the spirit of rock \u2019n\u2019 roll with this exclusive PauArte hoodie featuring an original hand-drawn digital portrait of Axl Rose, the legendary voice of Guns N\u2019 Roses. Designed for fans who live loud and dress bold, this piece blends [&hellip;]<\/p>\n","protected":false},"featured_media":8732,"comment_status":"open","ping_status":"closed","template":"","meta":{"site-sidebar-layout":"default","site-content-layout":"","ast-site-content-layout":"default","site-content-style":"default","site-sidebar-style":"default","ast-global-header-display":"","ast-banner-title-visibility":"","ast-main-header-display":"","ast-hfb-above-header-display":"","ast-hfb-below-header-display":"","ast-hfb-mobile-header-display":"","site-post-title":"","ast-breadcrumbs-content":"","ast-featured-img":"","footer-sml-layout":"","theme-transparent-header-meta":"default","adv-header-id-meta":"","stick-header-meta":"","header-above-stick-meta":"","header-main-stick-meta":"","header-below-stick-meta":"","astra-migrate-meta-layouts":"set","ast-page-background-enabled":"default","ast-page-background-meta":{"desktop":{"background-color":"","background-image":"","background-repeat":"repeat","background-position":"center center","background-size":"auto","background-attachment":"scroll","background-type":"","background-media":"","overlay-type":"","overlay-color":"","overlay-opacity":"","overlay-gradient":""},"tablet":{"background-color":"","background-image":"","background-repeat":"repeat","background-position":"center center","background-size":"auto","background-attachment":"scroll","background-type":"","background-media":"","overlay-type":"","overlay-color":"","overlay-opacity":"","overlay-gradient":""},"mobile":{"background-color":"","background-image":"","background-repeat":"repeat","background-position":"center center","background-size":"auto","background-attachment":"scroll","background-type":"","background-media":"","overlay-type":"","overlay-color":"","overlay-opacity":"","overlay-gradient":""}},"ast-content-background-meta":{"desktop":{"background-color":"var(--ast-global-color-5)","background-image":"","background-repeat":"repeat","background-position":"center center","background-size":"auto","background-attachment":"scroll","background-type":"","background-media":"","overlay-type":"","overlay-color":"","overlay-opacity":"","overlay-gradient":""},"tablet":{"background-color":"var(--ast-global-color-5)","background-image":"","background-repeat":"repeat","background-position":"center center","background-size":"auto","background-attachment":"scroll","background-type":"","background-media":"","overlay-type":"","overlay-color":"","overlay-opacity":"","overlay-gradient":""},"mobile":{"background-color":"var(--ast-global-color-5)","background-image":"","background-repeat":"repeat","background-position":"center center","background-size":"auto","background-attachment":"scroll","background-type":"","background-media":"","overlay-type":"","overlay-color":"","overlay-opacity":"","overlay-gradient":""}}},"product_brand":[],"product_cat":[340],"product_tag":[],"class_list":{"0":"post-8357","1":"product","2":"type-product","3":"status-publish","4":"has-post-thumbnail","6":"product_cat-hoodies","7":"product_shipping_class-hoodies","8":"desktop-align-left","9":"tablet-align-left","10":"mobile-align-left","12":"first","13":"instock","14":"taxable","15":"shipping-taxable","16":"purchasable","17":"product-type-variable"},"yoast_head":"<!-- This site is optimized with the Yoast SEO plugin v27.4 - https:\/\/yoast.com\/product\/yoast-seo-wordpress\/ -->\n<title>Axl Rose Illustrated Unisex Hoodie - Pauarte<\/title>\n<meta name=\"robots\" content=\"index, follow, max-snippet:-1, max-image-preview:large, max-video-preview:-1\" \/>\n<link rel=\"canonical\" href=\"https:\/\/www.pauarte.com\/es\/producto\/axl-rose-unisex-hoodie\/\" \/>\n<meta property=\"og:locale\" content=\"es_ES\" \/>\n<meta property=\"og:type\" content=\"article\" \/>\n<meta property=\"og:title\" content=\"Axl Rose Illustrated Unisex Hoodie - Pauarte\" \/>\n<meta property=\"og:description\" content=\"? Axl Rose \u2013 Illustrated Hoodie Music Stars Collection | Original artwork by Paula Rojas Channel the spirit of rock \u2019n\u2019 roll with this exclusive PauArte hoodie featuring an original hand-drawn digital portrait of Axl Rose, the legendary voice of Guns N\u2019 Roses. Designed for fans who live loud and dress bold, this piece blends [&hellip;]\" \/>\n<meta property=\"og:url\" content=\"https:\/\/www.pauarte.com\/es\/producto\/axl-rose-unisex-hoodie\/\" \/>\n<meta property=\"og:site_name\" content=\"Pauarte\" \/>\n<meta property=\"article:modified_time\" content=\"2025-12-07T03:54:10+00:00\" \/>\n<meta property=\"og:image\" content=\"https:\/\/www.pauarte.com\/wp-content\/uploads\/2025\/10\/Axl-Hoodie.jpg\" \/>\n\t<meta property=\"og:image:width\" content=\"2000\" \/>\n\t<meta property=\"og:image:height\" content=\"2000\" \/>\n\t<meta property=\"og:image:type\" content=\"image\/jpeg\" \/>\n<meta name=\"twitter:card\" content=\"summary_large_image\" \/>\n<meta name=\"twitter:label1\" content=\"Est. reading time\" \/>\n\t<meta name=\"twitter:data1\" content=\"2 minutos\" \/>\n<script type=\"application\/ld+json\" class=\"yoast-schema-graph\">{\"@context\":\"https:\\\/\\\/schema.org\",\"@graph\":[{\"@type\":\"WebPage\",\"@id\":\"https:\\\/\\\/www.pauarte.com\\\/producto\\\/axl-rose-unisex-hoodie\\\/\",\"url\":\"https:\\\/\\\/www.pauarte.com\\\/producto\\\/axl-rose-unisex-hoodie\\\/\",\"name\":\"Axl Rose Illustrated Unisex Hoodie - Pauarte\",\"isPartOf\":{\"@id\":\"https:\\\/\\\/www.pauarte.com\\\/#website\"},\"primaryImageOfPage\":{\"@id\":\"https:\\\/\\\/www.pauarte.com\\\/producto\\\/axl-rose-unisex-hoodie\\\/#primaryimage\"},\"image\":{\"@id\":\"https:\\\/\\\/www.pauarte.com\\\/producto\\\/axl-rose-unisex-hoodie\\\/#primaryimage\"},\"thumbnailUrl\":\"https:\\\/\\\/www.pauarte.com\\\/wp-content\\\/uploads\\\/2025\\\/10\\\/Axl-Hoodie.jpg\",\"datePublished\":\"2025-10-04T15:50:23+00:00\",\"dateModified\":\"2025-12-07T03:54:10+00:00\",\"breadcrumb\":{\"@id\":\"https:\\\/\\\/www.pauarte.com\\\/producto\\\/axl-rose-unisex-hoodie\\\/#breadcrumb\"},\"inLanguage\":\"es-CR\",\"potentialAction\":[{\"@type\":\"ReadAction\",\"target\":[\"https:\\\/\\\/www.pauarte.com\\\/producto\\\/axl-rose-unisex-hoodie\\\/\"]}]},{\"@type\":\"ImageObject\",\"inLanguage\":\"es-CR\",\"@id\":\"https:\\\/\\\/www.pauarte.com\\\/producto\\\/axl-rose-unisex-hoodie\\\/#primaryimage\",\"url\":\"https:\\\/\\\/www.pauarte.com\\\/wp-content\\\/uploads\\\/2025\\\/10\\\/Axl-Hoodie.jpg\",\"contentUrl\":\"https:\\\/\\\/www.pauarte.com\\\/wp-content\\\/uploads\\\/2025\\\/10\\\/Axl-Hoodie.jpg\",\"width\":2000,\"height\":2000},{\"@type\":\"BreadcrumbList\",\"@id\":\"https:\\\/\\\/www.pauarte.com\\\/producto\\\/axl-rose-unisex-hoodie\\\/#breadcrumb\",\"itemListElement\":[{\"@type\":\"ListItem\",\"position\":1,\"name\":\"Portada\",\"item\":\"https:\\\/\\\/www.pauarte.com\\\/\"},{\"@type\":\"ListItem\",\"position\":2,\"name\":\"Shop\",\"item\":\"https:\\\/\\\/www.pauarte.com\\\/shop\\\/\"},{\"@type\":\"ListItem\",\"position\":3,\"name\":\"Axl Rose Illustrated Unisex Hoodie\"}]},{\"@type\":\"WebSite\",\"@id\":\"https:\\\/\\\/www.pauarte.com\\\/#website\",\"url\":\"https:\\\/\\\/www.pauarte.com\\\/\",\"name\":\"Pauarte\",\"description\":\"Original Art on products\",\"publisher\":{\"@id\":\"https:\\\/\\\/www.pauarte.com\\\/#\\\/schema\\\/person\\\/2d8f88fdc14cb16c433bcc52ed42d165\"},\"potentialAction\":[{\"@type\":\"SearchAction\",\"target\":{\"@type\":\"EntryPoint\",\"urlTemplate\":\"https:\\\/\\\/www.pauarte.com\\\/?s={search_term_string}\"},\"query-input\":{\"@type\":\"PropertyValueSpecification\",\"valueRequired\":true,\"valueName\":\"search_term_string\"}}],\"inLanguage\":\"es-CR\"},{\"@type\":[\"Person\",\"Organization\"],\"@id\":\"https:\\\/\\\/www.pauarte.com\\\/#\\\/schema\\\/person\\\/2d8f88fdc14cb16c433bcc52ed42d165\",\"name\":\"Paula Rojas Brenes\",\"image\":{\"@type\":\"ImageObject\",\"inLanguage\":\"es-CR\",\"@id\":\"https:\\\/\\\/www.pauarte.com\\\/wp-content\\\/uploads\\\/2022\\\/06\\\/perfil-marketing-CIRCULO.png\",\"url\":\"https:\\\/\\\/www.pauarte.com\\\/wp-content\\\/uploads\\\/2022\\\/06\\\/perfil-marketing-CIRCULO.png\",\"contentUrl\":\"https:\\\/\\\/www.pauarte.com\\\/wp-content\\\/uploads\\\/2022\\\/06\\\/perfil-marketing-CIRCULO.png\",\"width\":1200,\"height\":1200,\"caption\":\"Paula Rojas Brenes\"},\"logo\":{\"@id\":\"https:\\\/\\\/www.pauarte.com\\\/wp-content\\\/uploads\\\/2022\\\/06\\\/perfil-marketing-CIRCULO.png\"}}]}<\/script>\n<!-- \/ Yoast SEO plugin. -->","yoast_head_json":{"title":"Axl Rose Illustrated Unisex Hoodie - Pauarte","robots":{"index":"index","follow":"follow","max-snippet":"max-snippet:-1","max-image-preview":"max-image-preview:large","max-video-preview":"max-video-preview:-1"},"canonical":"https:\/\/www.pauarte.com\/es\/producto\/axl-rose-unisex-hoodie\/","og_locale":"es_ES","og_type":"article","og_title":"Axl Rose Illustrated Unisex Hoodie - Pauarte","og_description":"? Axl Rose \u2013 Illustrated Hoodie Music Stars Collection | Original artwork by Paula Rojas Channel the spirit of rock \u2019n\u2019 roll with this exclusive PauArte hoodie featuring an original hand-drawn digital portrait of Axl Rose, the legendary voice of Guns N\u2019 Roses. Designed for fans who live loud and dress bold, this piece blends [&hellip;]","og_url":"https:\/\/www.pauarte.com\/es\/producto\/axl-rose-unisex-hoodie\/","og_site_name":"Pauarte","article_modified_time":"2025-12-07T03:54:10+00:00","og_image":[{"width":2000,"height":2000,"url":"https:\/\/www.pauarte.com\/wp-content\/uploads\/2025\/10\/Axl-Hoodie.jpg","type":"image\/jpeg"}],"twitter_card":"summary_large_image","twitter_misc":{"Est. reading time":"2 minutos"},"schema":{"@context":"https:\/\/schema.org","@graph":[{"@type":"WebPage","@id":"https:\/\/www.pauarte.com\/producto\/axl-rose-unisex-hoodie\/","url":"https:\/\/www.pauarte.com\/producto\/axl-rose-unisex-hoodie\/","name":"Axl Rose Illustrated Unisex Hoodie - Pauarte","isPartOf":{"@id":"https:\/\/www.pauarte.com\/#website"},"primaryImageOfPage":{"@id":"https:\/\/www.pauarte.com\/producto\/axl-rose-unisex-hoodie\/#primaryimage"},"image":{"@id":"https:\/\/www.pauarte.com\/producto\/axl-rose-unisex-hoodie\/#primaryimage"},"thumbnailUrl":"https:\/\/www.pauarte.com\/wp-content\/uploads\/2025\/10\/Axl-Hoodie.jpg","datePublished":"2025-10-04T15:50:23+00:00","dateModified":"2025-12-07T03:54:10+00:00","breadcrumb":{"@id":"https:\/\/www.pauarte.com\/producto\/axl-rose-unisex-hoodie\/#breadcrumb"},"inLanguage":"es-CR","potentialAction":[{"@type":"ReadAction","target":["https:\/\/www.pauarte.com\/producto\/axl-rose-unisex-hoodie\/"]}]},{"@type":"ImageObject","inLanguage":"es-CR","@id":"https:\/\/www.pauarte.com\/producto\/axl-rose-unisex-hoodie\/#primaryimage","url":"https:\/\/www.pauarte.com\/wp-content\/uploads\/2025\/10\/Axl-Hoodie.jpg","contentUrl":"https:\/\/www.pauarte.com\/wp-content\/uploads\/2025\/10\/Axl-Hoodie.jpg","width":2000,"height":2000},{"@type":"BreadcrumbList","@id":"https:\/\/www.pauarte.com\/producto\/axl-rose-unisex-hoodie\/#breadcrumb","itemListElement":[{"@type":"ListItem","position":1,"name":"Portada","item":"https:\/\/www.pauarte.com\/"},{"@type":"ListItem","position":2,"name":"Shop","item":"https:\/\/www.pauarte.com\/shop\/"},{"@type":"ListItem","position":3,"name":"Axl Rose Illustrated Unisex Hoodie"}]},{"@type":"WebSite","@id":"https:\/\/www.pauarte.com\/#website","url":"https:\/\/www.pauarte.com\/","name":"Pauarte","description":"Original Art on products","publisher":{"@id":"https:\/\/www.pauarte.com\/#\/schema\/person\/2d8f88fdc14cb16c433bcc52ed42d165"},"potentialAction":[{"@type":"SearchAction","target":{"@type":"EntryPoint","urlTemplate":"https:\/\/www.pauarte.com\/?s={search_term_string}"},"query-input":{"@type":"PropertyValueSpecification","valueRequired":true,"valueName":"search_term_string"}}],"inLanguage":"es-CR"},{"@type":["Person","Organization"],"@id":"https:\/\/www.pauarte.com\/#\/schema\/person\/2d8f88fdc14cb16c433bcc52ed42d165","name":"Paula Rojas Brenes","image":{"@type":"ImageObject","inLanguage":"es-CR","@id":"https:\/\/www.pauarte.com\/wp-content\/uploads\/2022\/06\/perfil-marketing-CIRCULO.png","url":"https:\/\/www.pauarte.com\/wp-content\/uploads\/2022\/06\/perfil-marketing-CIRCULO.png","contentUrl":"https:\/\/www.pauarte.com\/wp-content\/uploads\/2022\/06\/perfil-marketing-CIRCULO.png","width":1200,"height":1200,"caption":"Paula Rojas Brenes"},"logo":{"@id":"https:\/\/www.pauarte.com\/wp-content\/uploads\/2022\/06\/perfil-marketing-CIRCULO.png"}}]}},"_links":{"self":[{"href":"https:\/\/www.pauarte.com\/es\/wp-json\/wp\/v2\/product\/8357","targetHints":{"allow":["GET"]}}],"collection":[{"href":"https:\/\/www.pauarte.com\/es\/wp-json\/wp\/v2\/product"}],"about":[{"href":"https:\/\/www.pauarte.com\/es\/wp-json\/wp\/v2\/types\/product"}],"replies":[{"embeddable":true,"href":"https:\/\/www.pauarte.com\/es\/wp-json\/wp\/v2\/comments?post=8357"}],"wp:featuredmedia":[{"embeddable":true,"href":"https:\/\/www.pauarte.com\/es\/wp-json\/wp\/v2\/media\/8732"}],"wp:attachment":[{"href":"https:\/\/www.pauarte.com\/es\/wp-json\/wp\/v2\/media?parent=8357"}],"wp:term":[{"taxonomy":"product_brand","embeddable":true,"href":"https:\/\/www.pauarte.com\/es\/wp-json\/wp\/v2\/product_brand?post=8357"},{"taxonomy":"product_cat","embeddable":true,"href":"https:\/\/www.pauarte.com\/es\/wp-json\/wp\/v2\/product_cat?post=8357"},{"taxonomy":"product_tag","embeddable":true,"href":"https:\/\/www.pauarte.com\/es\/wp-json\/wp\/v2\/product_tag?post=8357"}],"curies":[{"name":"wp","href":"https:\/\/api.w.org\/{rel}","templated":true}]}}