{"id":8235,"date":"2025-10-04T09:30:18","date_gmt":"2025-10-04T15:30:18","guid":{"rendered":"https:\/\/www.pauarte.com\/producto\/whitney-houston-unisex-t-shirt\/"},"modified":"2025-12-06T21:59:04","modified_gmt":"2025-12-07T03:59:04","slug":"whitney-houston-unisex-t-shirt","status":"publish","type":"product","link":"https:\/\/www.pauarte.com\/es\/producto\/whitney-houston-unisex-t-shirt\/","title":{"rendered":"Camiseta unisex ilustrada de Whitney Houston"},"content":{"rendered":"<p>Camiseta ilustrada de Whitney Houston<\/p>\n<p>Colecci\u00f3n Estrellas de la M\u00fasica | Obra de arte original de Paula Rojas<\/p>\n<p>Esta camiseta unisex rinde homenaje a Whitney Houston, una de las voces m\u00e1s poderosas e ic\u00f3nicas de la historia de la m\u00fasica. Con una pintura digital original que captura su gracia, emoci\u00f3n e inconfundible presencia, esta prenda celebra la elegancia atemporal de una verdadera leyenda.<\/p>\n<p>Confeccionada en la exclusiva camiseta unisex Bella + Canvas 3001, esta prenda es suave y ligera, con la elasticidad justa: c\u00f3moda, favorecedora y duradera. Perfecta para amantes de la m\u00fasica, coleccionistas y quienes valoran el arte inspirador.<\/p>\n<p>\u2728 Aspectos destacados del producto:<\/p>\n<p>Obra de arte digital original de Whitney Houston<br \/>\nElegante fondo negro con composici\u00f3n geom\u00e9trica.<br \/>\nDisponible en varios tama\u00f1os y colores.<br \/>\nImpresi\u00f3n DTG de alta calidad con env\u00edo internacional.<br \/>\nSuave, transpirable y vers\u00e1til.<\/p>\n<p>Detalles de la tela:<br \/>\n\u2022 Algod\u00f3n peinado y hilado en anillo 100% (los colores jaspeados contienen poli\u00e9ster)<br \/>\n\u2022 Gramaje del tejido: 4,2 oz\/yd\u00b2 (142 g\/m\u00b2)<br \/>\n\u2022 Tejido preencogido<br \/>\n\u2022 Construcci\u00f3n con costuras laterales<br \/>\n\u2022 Vendaje de hombro a hombro<br \/>\n\u2022 Producto en blanco procedente de Nicaragua, M\u00e9xico, Honduras o Estados Unidos.<\/p>\n<p>Este producto se fabrica especialmente para ti en cuanto realizas tu pedido, por lo que la entrega puede demorar un poco m\u00e1s. Producir bajo demanda en lugar de en grandes cantidades ayuda a reducir la sobreproducci\u00f3n. \u00a1Gracias por tomar decisiones de compra informadas!<\/p>\n<p>Nota para mujeres:<\/p>\n<p>Este modelo es unisex (Bella + Canvas 3001). Para un ajuste m\u00e1s ce\u00f1ido, recomendamos pedir una talla menos de la que usas habitualmente.<\/p>\n<p>Cumplimiento del producto \u2013 GPSR (UE)<\/p>\n<p>Fabricante: Printful Inc.<br \/>\n1101 E. 5th Street, Austin, TX 78702, EE. UU.<br \/>\nVendedor: PauArte \u2013 L\u00e1minas y prendas de vestir de Paula Rojas, Costa Rica<br \/>\nRepresentante de la UE: Sinden Ventures Limited,<br \/>\nMarkou Evgenikou 11, Mesa Geitonia, 4002, Limassol, Chipre<br \/>\ngpsr@sindenventures.com<\/p>","protected":false},"excerpt":{"rendered":"<p>? Whitney Houston \u2013 Illustrated T-Shirt Music Stars Collection | Original artwork by Paula Rojas This unisex t-shirt pays tribute to Whitney Houston, one of the most powerful and iconic voices in music history. Featuring an original digital painting that captures her grace, emotion, and unmistakable presence, this piece celebrates the timeless elegance of a [&hellip;]<\/p>\n","protected":false},"featured_media":8702,"comment_status":"open","ping_status":"closed","template":"","meta":{"site-sidebar-layout":"default","site-content-layout":"","ast-site-content-layout":"default","site-content-style":"default","site-sidebar-style":"default","ast-global-header-display":"","ast-banner-title-visibility":"","ast-main-header-display":"","ast-hfb-above-header-display":"","ast-hfb-below-header-display":"","ast-hfb-mobile-header-display":"","site-post-title":"","ast-breadcrumbs-content":"","ast-featured-img":"","footer-sml-layout":"","theme-transparent-header-meta":"default","adv-header-id-meta":"","stick-header-meta":"","header-above-stick-meta":"","header-main-stick-meta":"","header-below-stick-meta":"","astra-migrate-meta-layouts":"set","ast-page-background-enabled":"default","ast-page-background-meta":{"desktop":{"background-color":"","background-image":"","background-repeat":"repeat","background-position":"center center","background-size":"auto","background-attachment":"scroll","background-type":"","background-media":"","overlay-type":"","overlay-color":"","overlay-opacity":"","overlay-gradient":""},"tablet":{"background-color":"","background-image":"","background-repeat":"repeat","background-position":"center center","background-size":"auto","background-attachment":"scroll","background-type":"","background-media":"","overlay-type":"","overlay-color":"","overlay-opacity":"","overlay-gradient":""},"mobile":{"background-color":"","background-image":"","background-repeat":"repeat","background-position":"center center","background-size":"auto","background-attachment":"scroll","background-type":"","background-media":"","overlay-type":"","overlay-color":"","overlay-opacity":"","overlay-gradient":""}},"ast-content-background-meta":{"desktop":{"background-color":"var(--ast-global-color-5)","background-image":"","background-repeat":"repeat","background-position":"center center","background-size":"auto","background-attachment":"scroll","background-type":"","background-media":"","overlay-type":"","overlay-color":"","overlay-opacity":"","overlay-gradient":""},"tablet":{"background-color":"var(--ast-global-color-5)","background-image":"","background-repeat":"repeat","background-position":"center center","background-size":"auto","background-attachment":"scroll","background-type":"","background-media":"","overlay-type":"","overlay-color":"","overlay-opacity":"","overlay-gradient":""},"mobile":{"background-color":"var(--ast-global-color-5)","background-image":"","background-repeat":"repeat","background-position":"center center","background-size":"auto","background-attachment":"scroll","background-type":"","background-media":"","overlay-type":"","overlay-color":"","overlay-opacity":"","overlay-gradient":""}}},"product_brand":[],"product_cat":[101],"product_tag":[],"class_list":{"0":"post-8235","1":"product","2":"type-product","3":"status-publish","4":"has-post-thumbnail","6":"product_cat-tshirts","7":"product_shipping_class-t-shirts","8":"desktop-align-left","9":"tablet-align-left","10":"mobile-align-left","12":"first","13":"instock","14":"taxable","15":"shipping-taxable","16":"purchasable","17":"product-type-variable"},"yoast_head":"<!-- This site is optimized with the Yoast SEO plugin v27.4 - https:\/\/yoast.com\/product\/yoast-seo-wordpress\/ -->\n<title>Whitney Houston Illustrated Unisex t-shirt - Pauarte<\/title>\n<meta name=\"robots\" content=\"index, follow, max-snippet:-1, max-image-preview:large, max-video-preview:-1\" \/>\n<link rel=\"canonical\" href=\"https:\/\/www.pauarte.com\/es\/producto\/whitney-houston-unisex-t-shirt\/\" \/>\n<meta property=\"og:locale\" content=\"es_ES\" \/>\n<meta property=\"og:type\" content=\"article\" \/>\n<meta property=\"og:title\" content=\"Whitney Houston Illustrated Unisex t-shirt - Pauarte\" \/>\n<meta property=\"og:description\" content=\"? Whitney Houston \u2013 Illustrated T-Shirt Music Stars Collection | Original artwork by Paula Rojas This unisex t-shirt pays tribute to Whitney Houston, one of the most powerful and iconic voices in music history. Featuring an original digital painting that captures her grace, emotion, and unmistakable presence, this piece celebrates the timeless elegance of a [&hellip;]\" \/>\n<meta property=\"og:url\" content=\"https:\/\/www.pauarte.com\/es\/producto\/whitney-houston-unisex-t-shirt\/\" \/>\n<meta property=\"og:site_name\" content=\"Pauarte\" \/>\n<meta property=\"article:modified_time\" content=\"2025-12-07T03:59:04+00:00\" \/>\n<meta property=\"og:image\" content=\"https:\/\/www.pauarte.com\/wp-content\/uploads\/2025\/10\/unisex-staple-t-shirt-athletic-heather-front-68e2f95ee19da.jpg\" \/>\n\t<meta property=\"og:image:width\" content=\"2000\" \/>\n\t<meta property=\"og:image:height\" content=\"2000\" \/>\n\t<meta property=\"og:image:type\" content=\"image\/jpeg\" \/>\n<meta name=\"twitter:card\" content=\"summary_large_image\" \/>\n<meta name=\"twitter:label1\" content=\"Est. reading time\" \/>\n\t<meta name=\"twitter:data1\" content=\"2 minutos\" \/>\n<script type=\"application\/ld+json\" class=\"yoast-schema-graph\">{\"@context\":\"https:\\\/\\\/schema.org\",\"@graph\":[{\"@type\":\"WebPage\",\"@id\":\"https:\\\/\\\/www.pauarte.com\\\/producto\\\/whitney-houston-unisex-t-shirt\\\/\",\"url\":\"https:\\\/\\\/www.pauarte.com\\\/producto\\\/whitney-houston-unisex-t-shirt\\\/\",\"name\":\"Whitney Houston Illustrated Unisex t-shirt - Pauarte\",\"isPartOf\":{\"@id\":\"https:\\\/\\\/www.pauarte.com\\\/#website\"},\"primaryImageOfPage\":{\"@id\":\"https:\\\/\\\/www.pauarte.com\\\/producto\\\/whitney-houston-unisex-t-shirt\\\/#primaryimage\"},\"image\":{\"@id\":\"https:\\\/\\\/www.pauarte.com\\\/producto\\\/whitney-houston-unisex-t-shirt\\\/#primaryimage\"},\"thumbnailUrl\":\"https:\\\/\\\/www.pauarte.com\\\/wp-content\\\/uploads\\\/2025\\\/10\\\/unisex-staple-t-shirt-athletic-heather-front-68e2f95ee19da.jpg\",\"datePublished\":\"2025-10-04T15:30:18+00:00\",\"dateModified\":\"2025-12-07T03:59:04+00:00\",\"breadcrumb\":{\"@id\":\"https:\\\/\\\/www.pauarte.com\\\/producto\\\/whitney-houston-unisex-t-shirt\\\/#breadcrumb\"},\"inLanguage\":\"es-CR\",\"potentialAction\":[{\"@type\":\"ReadAction\",\"target\":[\"https:\\\/\\\/www.pauarte.com\\\/producto\\\/whitney-houston-unisex-t-shirt\\\/\"]}]},{\"@type\":\"ImageObject\",\"inLanguage\":\"es-CR\",\"@id\":\"https:\\\/\\\/www.pauarte.com\\\/producto\\\/whitney-houston-unisex-t-shirt\\\/#primaryimage\",\"url\":\"https:\\\/\\\/www.pauarte.com\\\/wp-content\\\/uploads\\\/2025\\\/10\\\/unisex-staple-t-shirt-athletic-heather-front-68e2f95ee19da.jpg\",\"contentUrl\":\"https:\\\/\\\/www.pauarte.com\\\/wp-content\\\/uploads\\\/2025\\\/10\\\/unisex-staple-t-shirt-athletic-heather-front-68e2f95ee19da.jpg\",\"width\":2000,\"height\":2000},{\"@type\":\"BreadcrumbList\",\"@id\":\"https:\\\/\\\/www.pauarte.com\\\/producto\\\/whitney-houston-unisex-t-shirt\\\/#breadcrumb\",\"itemListElement\":[{\"@type\":\"ListItem\",\"position\":1,\"name\":\"Portada\",\"item\":\"https:\\\/\\\/www.pauarte.com\\\/\"},{\"@type\":\"ListItem\",\"position\":2,\"name\":\"Shop\",\"item\":\"https:\\\/\\\/www.pauarte.com\\\/shop\\\/\"},{\"@type\":\"ListItem\",\"position\":3,\"name\":\"Whitney Houston Illustrated Unisex t-shirt\"}]},{\"@type\":\"WebSite\",\"@id\":\"https:\\\/\\\/www.pauarte.com\\\/#website\",\"url\":\"https:\\\/\\\/www.pauarte.com\\\/\",\"name\":\"Pauarte\",\"description\":\"Original Art on products\",\"publisher\":{\"@id\":\"https:\\\/\\\/www.pauarte.com\\\/#\\\/schema\\\/person\\\/2d8f88fdc14cb16c433bcc52ed42d165\"},\"potentialAction\":[{\"@type\":\"SearchAction\",\"target\":{\"@type\":\"EntryPoint\",\"urlTemplate\":\"https:\\\/\\\/www.pauarte.com\\\/?s={search_term_string}\"},\"query-input\":{\"@type\":\"PropertyValueSpecification\",\"valueRequired\":true,\"valueName\":\"search_term_string\"}}],\"inLanguage\":\"es-CR\"},{\"@type\":[\"Person\",\"Organization\"],\"@id\":\"https:\\\/\\\/www.pauarte.com\\\/#\\\/schema\\\/person\\\/2d8f88fdc14cb16c433bcc52ed42d165\",\"name\":\"Paula Rojas Brenes\",\"image\":{\"@type\":\"ImageObject\",\"inLanguage\":\"es-CR\",\"@id\":\"https:\\\/\\\/www.pauarte.com\\\/wp-content\\\/uploads\\\/2022\\\/06\\\/perfil-marketing-CIRCULO.png\",\"url\":\"https:\\\/\\\/www.pauarte.com\\\/wp-content\\\/uploads\\\/2022\\\/06\\\/perfil-marketing-CIRCULO.png\",\"contentUrl\":\"https:\\\/\\\/www.pauarte.com\\\/wp-content\\\/uploads\\\/2022\\\/06\\\/perfil-marketing-CIRCULO.png\",\"width\":1200,\"height\":1200,\"caption\":\"Paula Rojas Brenes\"},\"logo\":{\"@id\":\"https:\\\/\\\/www.pauarte.com\\\/wp-content\\\/uploads\\\/2022\\\/06\\\/perfil-marketing-CIRCULO.png\"}}]}<\/script>\n<!-- \/ Yoast SEO plugin. -->","yoast_head_json":{"title":"Whitney Houston Illustrated Unisex t-shirt - Pauarte","robots":{"index":"index","follow":"follow","max-snippet":"max-snippet:-1","max-image-preview":"max-image-preview:large","max-video-preview":"max-video-preview:-1"},"canonical":"https:\/\/www.pauarte.com\/es\/producto\/whitney-houston-unisex-t-shirt\/","og_locale":"es_ES","og_type":"article","og_title":"Whitney Houston Illustrated Unisex t-shirt - Pauarte","og_description":"? Whitney Houston \u2013 Illustrated T-Shirt Music Stars Collection | Original artwork by Paula Rojas This unisex t-shirt pays tribute to Whitney Houston, one of the most powerful and iconic voices in music history. Featuring an original digital painting that captures her grace, emotion, and unmistakable presence, this piece celebrates the timeless elegance of a [&hellip;]","og_url":"https:\/\/www.pauarte.com\/es\/producto\/whitney-houston-unisex-t-shirt\/","og_site_name":"Pauarte","article_modified_time":"2025-12-07T03:59:04+00:00","og_image":[{"width":2000,"height":2000,"url":"https:\/\/www.pauarte.com\/wp-content\/uploads\/2025\/10\/unisex-staple-t-shirt-athletic-heather-front-68e2f95ee19da.jpg","type":"image\/jpeg"}],"twitter_card":"summary_large_image","twitter_misc":{"Est. reading time":"2 minutos"},"schema":{"@context":"https:\/\/schema.org","@graph":[{"@type":"WebPage","@id":"https:\/\/www.pauarte.com\/producto\/whitney-houston-unisex-t-shirt\/","url":"https:\/\/www.pauarte.com\/producto\/whitney-houston-unisex-t-shirt\/","name":"Whitney Houston Illustrated Unisex t-shirt - Pauarte","isPartOf":{"@id":"https:\/\/www.pauarte.com\/#website"},"primaryImageOfPage":{"@id":"https:\/\/www.pauarte.com\/producto\/whitney-houston-unisex-t-shirt\/#primaryimage"},"image":{"@id":"https:\/\/www.pauarte.com\/producto\/whitney-houston-unisex-t-shirt\/#primaryimage"},"thumbnailUrl":"https:\/\/www.pauarte.com\/wp-content\/uploads\/2025\/10\/unisex-staple-t-shirt-athletic-heather-front-68e2f95ee19da.jpg","datePublished":"2025-10-04T15:30:18+00:00","dateModified":"2025-12-07T03:59:04+00:00","breadcrumb":{"@id":"https:\/\/www.pauarte.com\/producto\/whitney-houston-unisex-t-shirt\/#breadcrumb"},"inLanguage":"es-CR","potentialAction":[{"@type":"ReadAction","target":["https:\/\/www.pauarte.com\/producto\/whitney-houston-unisex-t-shirt\/"]}]},{"@type":"ImageObject","inLanguage":"es-CR","@id":"https:\/\/www.pauarte.com\/producto\/whitney-houston-unisex-t-shirt\/#primaryimage","url":"https:\/\/www.pauarte.com\/wp-content\/uploads\/2025\/10\/unisex-staple-t-shirt-athletic-heather-front-68e2f95ee19da.jpg","contentUrl":"https:\/\/www.pauarte.com\/wp-content\/uploads\/2025\/10\/unisex-staple-t-shirt-athletic-heather-front-68e2f95ee19da.jpg","width":2000,"height":2000},{"@type":"BreadcrumbList","@id":"https:\/\/www.pauarte.com\/producto\/whitney-houston-unisex-t-shirt\/#breadcrumb","itemListElement":[{"@type":"ListItem","position":1,"name":"Portada","item":"https:\/\/www.pauarte.com\/"},{"@type":"ListItem","position":2,"name":"Shop","item":"https:\/\/www.pauarte.com\/shop\/"},{"@type":"ListItem","position":3,"name":"Whitney Houston Illustrated Unisex t-shirt"}]},{"@type":"WebSite","@id":"https:\/\/www.pauarte.com\/#website","url":"https:\/\/www.pauarte.com\/","name":"Pauarte","description":"Original Art on products","publisher":{"@id":"https:\/\/www.pauarte.com\/#\/schema\/person\/2d8f88fdc14cb16c433bcc52ed42d165"},"potentialAction":[{"@type":"SearchAction","target":{"@type":"EntryPoint","urlTemplate":"https:\/\/www.pauarte.com\/?s={search_term_string}"},"query-input":{"@type":"PropertyValueSpecification","valueRequired":true,"valueName":"search_term_string"}}],"inLanguage":"es-CR"},{"@type":["Person","Organization"],"@id":"https:\/\/www.pauarte.com\/#\/schema\/person\/2d8f88fdc14cb16c433bcc52ed42d165","name":"Paula Rojas Brenes","image":{"@type":"ImageObject","inLanguage":"es-CR","@id":"https:\/\/www.pauarte.com\/wp-content\/uploads\/2022\/06\/perfil-marketing-CIRCULO.png","url":"https:\/\/www.pauarte.com\/wp-content\/uploads\/2022\/06\/perfil-marketing-CIRCULO.png","contentUrl":"https:\/\/www.pauarte.com\/wp-content\/uploads\/2022\/06\/perfil-marketing-CIRCULO.png","width":1200,"height":1200,"caption":"Paula Rojas Brenes"},"logo":{"@id":"https:\/\/www.pauarte.com\/wp-content\/uploads\/2022\/06\/perfil-marketing-CIRCULO.png"}}]}},"_links":{"self":[{"href":"https:\/\/www.pauarte.com\/es\/wp-json\/wp\/v2\/product\/8235","targetHints":{"allow":["GET"]}}],"collection":[{"href":"https:\/\/www.pauarte.com\/es\/wp-json\/wp\/v2\/product"}],"about":[{"href":"https:\/\/www.pauarte.com\/es\/wp-json\/wp\/v2\/types\/product"}],"replies":[{"embeddable":true,"href":"https:\/\/www.pauarte.com\/es\/wp-json\/wp\/v2\/comments?post=8235"}],"wp:featuredmedia":[{"embeddable":true,"href":"https:\/\/www.pauarte.com\/es\/wp-json\/wp\/v2\/media\/8702"}],"wp:attachment":[{"href":"https:\/\/www.pauarte.com\/es\/wp-json\/wp\/v2\/media?parent=8235"}],"wp:term":[{"taxonomy":"product_brand","embeddable":true,"href":"https:\/\/www.pauarte.com\/es\/wp-json\/wp\/v2\/product_brand?post=8235"},{"taxonomy":"product_cat","embeddable":true,"href":"https:\/\/www.pauarte.com\/es\/wp-json\/wp\/v2\/product_cat?post=8235"},{"taxonomy":"product_tag","embeddable":true,"href":"https:\/\/www.pauarte.com\/es\/wp-json\/wp\/v2\/product_tag?post=8235"}],"curies":[{"name":"wp","href":"https:\/\/api.w.org\/{rel}","templated":true}]}}