{"id":7886,"date":"2025-05-29T10:15:10","date_gmt":"2025-05-29T16:15:10","guid":{"rendered":"https:\/\/www.pauarte.com\/producto\/bob-marley-illustration-framed-poster\/"},"modified":"2025-12-06T22:03:37","modified_gmt":"2025-12-07T04:03:37","slug":"bob-marley-illustration-framed-poster","status":"publish","type":"product","link":"https:\/\/www.pauarte.com\/es\/producto\/bob-marley-illustration-framed-poster\/","title":{"rendered":"P\u00f3ster enmarcado con ilustraci\u00f3n de Bob Marley"},"content":{"rendered":"<p>Celebra el esp\u00edritu legendario de Bob Marley con esta creaci\u00f3n original de PauArte. Inspirada en su mensaje de libertad, resiliencia y unidad, esta obra de arte vibra con los colores y la energ\u00eda del reggae, invit\u00e1ndote a llenar tu espacio con el poder de la m\u00fasica y la revoluci\u00f3n. M\u00e1s que un p\u00f3ster, es un homenaje, una conexi\u00f3n, un recordatorio diario de que el arte transforma el alma.<\/p>\n<p>Dale un toque especial a cualquier habitaci\u00f3n con este p\u00f3ster enmarcado con mucho gusto, impreso en papel mate de alta calidad. El elegante marco de madera de Ayous negra, procedente de bosques sostenibles, a\u00f1ade un toque art\u00edstico y sofisticado a tu espacio.<\/p>\n<p>\u2728 Detalles del producto:<br \/>\n\u2022 Marco de madera de Ayous, de 1,9 cm (0,75 pulgadas) de grosor, procedente de bosques renovables.<br \/>\n\u2022 Grosor del papel: 10,3 mil (0,26 mm)<br \/>\n\u2022 Gramaje del papel: 189 g\/m\u00b2<br \/>\n\u2022 Ligero, f\u00e1cil de manejar<br \/>\n\u2022 Protector frontal de acr\u00edlico para mayor durabilidad<br \/>\n\u2022 Incluye herrajes para colgar<br \/>\n\u2022 Componentes en blanco procedentes de Jap\u00f3n, Estados Unidos y Letonia (seg\u00fan la ubicaci\u00f3n de env\u00edo).<\/p>\n<p>Nota para marcos horizontales (61 cm \u00d7 91 cm): Coloque cada gancho de montaje a 2,5 cm de las esquinas cuando cuelgue horizontalmente.<\/p>\n<p>Gracias por elegir arte original y con significado. Cada p\u00f3ster se crea especialmente para ti en cuanto realizas tu pedido, por eso la entrega tarda un poco m\u00e1s; porque el verdadero arte merece tiempo y dedicaci\u00f3n.<\/p>\n<p>Ofrecemos env\u00edos a todo el mundo para este producto.<\/p>","protected":false},"excerpt":{"rendered":"<p>Celebrate the legendary spirit of Bob Marley with this original PauArte creation. Inspired by his message of freedom, resilience, and unity, this artwork vibrates with the colors and energy of reggae, inviting you to fill your space with the power of music and revolution. More than just a poster \u2014 it\u2019s a tribute, a connection, [&hellip;]<\/p>\n","protected":false},"featured_media":7894,"comment_status":"open","ping_status":"closed","template":"","meta":{"site-sidebar-layout":"default","site-content-layout":"","ast-site-content-layout":"default","site-content-style":"default","site-sidebar-style":"default","ast-global-header-display":"","ast-banner-title-visibility":"","ast-main-header-display":"","ast-hfb-above-header-display":"","ast-hfb-below-header-display":"","ast-hfb-mobile-header-display":"","site-post-title":"","ast-breadcrumbs-content":"","ast-featured-img":"","footer-sml-layout":"","theme-transparent-header-meta":"default","adv-header-id-meta":"","stick-header-meta":"","header-above-stick-meta":"","header-main-stick-meta":"","header-below-stick-meta":"","astra-migrate-meta-layouts":"set","ast-page-background-enabled":"default","ast-page-background-meta":{"desktop":{"background-color":"","background-image":"","background-repeat":"repeat","background-position":"center center","background-size":"auto","background-attachment":"scroll","background-type":"","background-media":"","overlay-type":"","overlay-color":"","overlay-opacity":"","overlay-gradient":""},"tablet":{"background-color":"","background-image":"","background-repeat":"repeat","background-position":"center center","background-size":"auto","background-attachment":"scroll","background-type":"","background-media":"","overlay-type":"","overlay-color":"","overlay-opacity":"","overlay-gradient":""},"mobile":{"background-color":"","background-image":"","background-repeat":"repeat","background-position":"center center","background-size":"auto","background-attachment":"scroll","background-type":"","background-media":"","overlay-type":"","overlay-color":"","overlay-opacity":"","overlay-gradient":""}},"ast-content-background-meta":{"desktop":{"background-color":"var(--ast-global-color-5)","background-image":"","background-repeat":"repeat","background-position":"center center","background-size":"auto","background-attachment":"scroll","background-type":"","background-media":"","overlay-type":"","overlay-color":"","overlay-opacity":"","overlay-gradient":""},"tablet":{"background-color":"var(--ast-global-color-5)","background-image":"","background-repeat":"repeat","background-position":"center center","background-size":"auto","background-attachment":"scroll","background-type":"","background-media":"","overlay-type":"","overlay-color":"","overlay-opacity":"","overlay-gradient":""},"mobile":{"background-color":"var(--ast-global-color-5)","background-image":"","background-repeat":"repeat","background-position":"center center","background-size":"auto","background-attachment":"scroll","background-type":"","background-media":"","overlay-type":"","overlay-color":"","overlay-opacity":"","overlay-gradient":""}}},"product_brand":[],"product_cat":[105,299],"product_tag":[],"class_list":{"0":"post-7886","1":"product","2":"type-product","3":"status-publish","4":"has-post-thumbnail","6":"product_cat-digitalart","7":"product_cat-posters","8":"desktop-align-left","9":"tablet-align-left","10":"mobile-align-left","12":"first","13":"instock","14":"taxable","15":"shipping-taxable","16":"purchasable","17":"product-type-variable"},"yoast_head":"<!-- This site is optimized with the Yoast SEO plugin v27.4 - https:\/\/yoast.com\/product\/yoast-seo-wordpress\/ -->\n<title>Bob Marley Illustration Framed Poster - Pauarte<\/title>\n<meta name=\"robots\" content=\"index, follow, max-snippet:-1, max-image-preview:large, max-video-preview:-1\" \/>\n<link rel=\"canonical\" href=\"https:\/\/www.pauarte.com\/es\/producto\/bob-marley-illustration-framed-poster\/\" \/>\n<meta property=\"og:locale\" content=\"es_ES\" \/>\n<meta property=\"og:type\" content=\"article\" \/>\n<meta property=\"og:title\" content=\"Bob Marley Illustration Framed Poster - Pauarte\" \/>\n<meta property=\"og:description\" content=\"Celebrate the legendary spirit of Bob Marley with this original PauArte creation. Inspired by his message of freedom, resilience, and unity, this artwork vibrates with the colors and energy of reggae, inviting you to fill your space with the power of music and revolution. More than just a poster \u2014 it\u2019s a tribute, a connection, [&hellip;]\" \/>\n<meta property=\"og:url\" content=\"https:\/\/www.pauarte.com\/es\/producto\/bob-marley-illustration-framed-poster\/\" \/>\n<meta property=\"og:site_name\" content=\"Pauarte\" \/>\n<meta property=\"article:modified_time\" content=\"2025-12-07T04:03:37+00:00\" \/>\n<meta property=\"og:image\" content=\"https:\/\/www.pauarte.com\/wp-content\/uploads\/2025\/05\/enhanced-matte-paper-framed-poster-in-black-18x18-front-683887f95d0bc.jpg\" \/>\n\t<meta property=\"og:image:width\" content=\"2000\" \/>\n\t<meta property=\"og:image:height\" content=\"2000\" \/>\n\t<meta property=\"og:image:type\" content=\"image\/jpeg\" \/>\n<meta name=\"twitter:card\" content=\"summary_large_image\" \/>\n<meta name=\"twitter:label1\" content=\"Est. reading time\" \/>\n\t<meta name=\"twitter:data1\" content=\"2 minutos\" \/>\n<script type=\"application\/ld+json\" class=\"yoast-schema-graph\">{\"@context\":\"https:\\\/\\\/schema.org\",\"@graph\":[{\"@type\":\"WebPage\",\"@id\":\"https:\\\/\\\/www.pauarte.com\\\/producto\\\/bob-marley-illustration-framed-poster\\\/\",\"url\":\"https:\\\/\\\/www.pauarte.com\\\/producto\\\/bob-marley-illustration-framed-poster\\\/\",\"name\":\"Bob Marley Illustration Framed Poster - Pauarte\",\"isPartOf\":{\"@id\":\"https:\\\/\\\/www.pauarte.com\\\/#website\"},\"primaryImageOfPage\":{\"@id\":\"https:\\\/\\\/www.pauarte.com\\\/producto\\\/bob-marley-illustration-framed-poster\\\/#primaryimage\"},\"image\":{\"@id\":\"https:\\\/\\\/www.pauarte.com\\\/producto\\\/bob-marley-illustration-framed-poster\\\/#primaryimage\"},\"thumbnailUrl\":\"https:\\\/\\\/www.pauarte.com\\\/wp-content\\\/uploads\\\/2025\\\/05\\\/enhanced-matte-paper-framed-poster-in-black-18x18-front-683887f95d0bc.jpg\",\"datePublished\":\"2025-05-29T16:15:10+00:00\",\"dateModified\":\"2025-12-07T04:03:37+00:00\",\"breadcrumb\":{\"@id\":\"https:\\\/\\\/www.pauarte.com\\\/producto\\\/bob-marley-illustration-framed-poster\\\/#breadcrumb\"},\"inLanguage\":\"es-CR\",\"potentialAction\":[{\"@type\":\"ReadAction\",\"target\":[\"https:\\\/\\\/www.pauarte.com\\\/producto\\\/bob-marley-illustration-framed-poster\\\/\"]}]},{\"@type\":\"ImageObject\",\"inLanguage\":\"es-CR\",\"@id\":\"https:\\\/\\\/www.pauarte.com\\\/producto\\\/bob-marley-illustration-framed-poster\\\/#primaryimage\",\"url\":\"https:\\\/\\\/www.pauarte.com\\\/wp-content\\\/uploads\\\/2025\\\/05\\\/enhanced-matte-paper-framed-poster-in-black-18x18-front-683887f95d0bc.jpg\",\"contentUrl\":\"https:\\\/\\\/www.pauarte.com\\\/wp-content\\\/uploads\\\/2025\\\/05\\\/enhanced-matte-paper-framed-poster-in-black-18x18-front-683887f95d0bc.jpg\",\"width\":2000,\"height\":2000},{\"@type\":\"BreadcrumbList\",\"@id\":\"https:\\\/\\\/www.pauarte.com\\\/producto\\\/bob-marley-illustration-framed-poster\\\/#breadcrumb\",\"itemListElement\":[{\"@type\":\"ListItem\",\"position\":1,\"name\":\"Portada\",\"item\":\"https:\\\/\\\/www.pauarte.com\\\/\"},{\"@type\":\"ListItem\",\"position\":2,\"name\":\"Shop\",\"item\":\"https:\\\/\\\/www.pauarte.com\\\/shop\\\/\"},{\"@type\":\"ListItem\",\"position\":3,\"name\":\"Bob Marley Illustration Framed Poster\"}]},{\"@type\":\"WebSite\",\"@id\":\"https:\\\/\\\/www.pauarte.com\\\/#website\",\"url\":\"https:\\\/\\\/www.pauarte.com\\\/\",\"name\":\"Pauarte\",\"description\":\"Original Art on products\",\"publisher\":{\"@id\":\"https:\\\/\\\/www.pauarte.com\\\/#\\\/schema\\\/person\\\/2d8f88fdc14cb16c433bcc52ed42d165\"},\"potentialAction\":[{\"@type\":\"SearchAction\",\"target\":{\"@type\":\"EntryPoint\",\"urlTemplate\":\"https:\\\/\\\/www.pauarte.com\\\/?s={search_term_string}\"},\"query-input\":{\"@type\":\"PropertyValueSpecification\",\"valueRequired\":true,\"valueName\":\"search_term_string\"}}],\"inLanguage\":\"es-CR\"},{\"@type\":[\"Person\",\"Organization\"],\"@id\":\"https:\\\/\\\/www.pauarte.com\\\/#\\\/schema\\\/person\\\/2d8f88fdc14cb16c433bcc52ed42d165\",\"name\":\"Paula Rojas Brenes\",\"image\":{\"@type\":\"ImageObject\",\"inLanguage\":\"es-CR\",\"@id\":\"https:\\\/\\\/www.pauarte.com\\\/wp-content\\\/uploads\\\/2022\\\/06\\\/perfil-marketing-CIRCULO.png\",\"url\":\"https:\\\/\\\/www.pauarte.com\\\/wp-content\\\/uploads\\\/2022\\\/06\\\/perfil-marketing-CIRCULO.png\",\"contentUrl\":\"https:\\\/\\\/www.pauarte.com\\\/wp-content\\\/uploads\\\/2022\\\/06\\\/perfil-marketing-CIRCULO.png\",\"width\":1200,\"height\":1200,\"caption\":\"Paula Rojas Brenes\"},\"logo\":{\"@id\":\"https:\\\/\\\/www.pauarte.com\\\/wp-content\\\/uploads\\\/2022\\\/06\\\/perfil-marketing-CIRCULO.png\"}}]}<\/script>\n<!-- \/ Yoast SEO plugin. -->","yoast_head_json":{"title":"Bob Marley Illustration Framed Poster - Pauarte","robots":{"index":"index","follow":"follow","max-snippet":"max-snippet:-1","max-image-preview":"max-image-preview:large","max-video-preview":"max-video-preview:-1"},"canonical":"https:\/\/www.pauarte.com\/es\/producto\/bob-marley-illustration-framed-poster\/","og_locale":"es_ES","og_type":"article","og_title":"Bob Marley Illustration Framed Poster - Pauarte","og_description":"Celebrate the legendary spirit of Bob Marley with this original PauArte creation. Inspired by his message of freedom, resilience, and unity, this artwork vibrates with the colors and energy of reggae, inviting you to fill your space with the power of music and revolution. More than just a poster \u2014 it\u2019s a tribute, a connection, [&hellip;]","og_url":"https:\/\/www.pauarte.com\/es\/producto\/bob-marley-illustration-framed-poster\/","og_site_name":"Pauarte","article_modified_time":"2025-12-07T04:03:37+00:00","og_image":[{"width":2000,"height":2000,"url":"https:\/\/www.pauarte.com\/wp-content\/uploads\/2025\/05\/enhanced-matte-paper-framed-poster-in-black-18x18-front-683887f95d0bc.jpg","type":"image\/jpeg"}],"twitter_card":"summary_large_image","twitter_misc":{"Est. reading time":"2 minutos"},"schema":{"@context":"https:\/\/schema.org","@graph":[{"@type":"WebPage","@id":"https:\/\/www.pauarte.com\/producto\/bob-marley-illustration-framed-poster\/","url":"https:\/\/www.pauarte.com\/producto\/bob-marley-illustration-framed-poster\/","name":"Bob Marley Illustration Framed Poster - Pauarte","isPartOf":{"@id":"https:\/\/www.pauarte.com\/#website"},"primaryImageOfPage":{"@id":"https:\/\/www.pauarte.com\/producto\/bob-marley-illustration-framed-poster\/#primaryimage"},"image":{"@id":"https:\/\/www.pauarte.com\/producto\/bob-marley-illustration-framed-poster\/#primaryimage"},"thumbnailUrl":"https:\/\/www.pauarte.com\/wp-content\/uploads\/2025\/05\/enhanced-matte-paper-framed-poster-in-black-18x18-front-683887f95d0bc.jpg","datePublished":"2025-05-29T16:15:10+00:00","dateModified":"2025-12-07T04:03:37+00:00","breadcrumb":{"@id":"https:\/\/www.pauarte.com\/producto\/bob-marley-illustration-framed-poster\/#breadcrumb"},"inLanguage":"es-CR","potentialAction":[{"@type":"ReadAction","target":["https:\/\/www.pauarte.com\/producto\/bob-marley-illustration-framed-poster\/"]}]},{"@type":"ImageObject","inLanguage":"es-CR","@id":"https:\/\/www.pauarte.com\/producto\/bob-marley-illustration-framed-poster\/#primaryimage","url":"https:\/\/www.pauarte.com\/wp-content\/uploads\/2025\/05\/enhanced-matte-paper-framed-poster-in-black-18x18-front-683887f95d0bc.jpg","contentUrl":"https:\/\/www.pauarte.com\/wp-content\/uploads\/2025\/05\/enhanced-matte-paper-framed-poster-in-black-18x18-front-683887f95d0bc.jpg","width":2000,"height":2000},{"@type":"BreadcrumbList","@id":"https:\/\/www.pauarte.com\/producto\/bob-marley-illustration-framed-poster\/#breadcrumb","itemListElement":[{"@type":"ListItem","position":1,"name":"Portada","item":"https:\/\/www.pauarte.com\/"},{"@type":"ListItem","position":2,"name":"Shop","item":"https:\/\/www.pauarte.com\/shop\/"},{"@type":"ListItem","position":3,"name":"Bob Marley Illustration Framed Poster"}]},{"@type":"WebSite","@id":"https:\/\/www.pauarte.com\/#website","url":"https:\/\/www.pauarte.com\/","name":"Pauarte","description":"Original Art on products","publisher":{"@id":"https:\/\/www.pauarte.com\/#\/schema\/person\/2d8f88fdc14cb16c433bcc52ed42d165"},"potentialAction":[{"@type":"SearchAction","target":{"@type":"EntryPoint","urlTemplate":"https:\/\/www.pauarte.com\/?s={search_term_string}"},"query-input":{"@type":"PropertyValueSpecification","valueRequired":true,"valueName":"search_term_string"}}],"inLanguage":"es-CR"},{"@type":["Person","Organization"],"@id":"https:\/\/www.pauarte.com\/#\/schema\/person\/2d8f88fdc14cb16c433bcc52ed42d165","name":"Paula Rojas Brenes","image":{"@type":"ImageObject","inLanguage":"es-CR","@id":"https:\/\/www.pauarte.com\/wp-content\/uploads\/2022\/06\/perfil-marketing-CIRCULO.png","url":"https:\/\/www.pauarte.com\/wp-content\/uploads\/2022\/06\/perfil-marketing-CIRCULO.png","contentUrl":"https:\/\/www.pauarte.com\/wp-content\/uploads\/2022\/06\/perfil-marketing-CIRCULO.png","width":1200,"height":1200,"caption":"Paula Rojas Brenes"},"logo":{"@id":"https:\/\/www.pauarte.com\/wp-content\/uploads\/2022\/06\/perfil-marketing-CIRCULO.png"}}]}},"_links":{"self":[{"href":"https:\/\/www.pauarte.com\/es\/wp-json\/wp\/v2\/product\/7886","targetHints":{"allow":["GET"]}}],"collection":[{"href":"https:\/\/www.pauarte.com\/es\/wp-json\/wp\/v2\/product"}],"about":[{"href":"https:\/\/www.pauarte.com\/es\/wp-json\/wp\/v2\/types\/product"}],"replies":[{"embeddable":true,"href":"https:\/\/www.pauarte.com\/es\/wp-json\/wp\/v2\/comments?post=7886"}],"wp:featuredmedia":[{"embeddable":true,"href":"https:\/\/www.pauarte.com\/es\/wp-json\/wp\/v2\/media\/7894"}],"wp:attachment":[{"href":"https:\/\/www.pauarte.com\/es\/wp-json\/wp\/v2\/media?parent=7886"}],"wp:term":[{"taxonomy":"product_brand","embeddable":true,"href":"https:\/\/www.pauarte.com\/es\/wp-json\/wp\/v2\/product_brand?post=7886"},{"taxonomy":"product_cat","embeddable":true,"href":"https:\/\/www.pauarte.com\/es\/wp-json\/wp\/v2\/product_cat?post=7886"},{"taxonomy":"product_tag","embeddable":true,"href":"https:\/\/www.pauarte.com\/es\/wp-json\/wp\/v2\/product_tag?post=7886"}],"curies":[{"name":"wp","href":"https:\/\/api.w.org\/{rel}","templated":true}]}}