{"id":7135,"date":"2023-09-17T10:33:10","date_gmt":"2023-09-17T16:33:10","guid":{"rendered":"https:\/\/www.pauarte.com\/producto\/whitney-houston-framed-poster\/"},"modified":"2025-12-06T22:10:58","modified_gmt":"2025-12-07T04:10:58","slug":"whitney-houston-framed-poster-exclusive-music-art-print","status":"publish","type":"product","link":"https:\/\/www.pauarte.com\/es\/producto\/whitney-houston-framed-poster-exclusive-music-art-print\/","title":{"rendered":"P\u00f3ster enmarcado con ilustraci\u00f3n de Whitney Houston"},"content":{"rendered":"<p>Listo para colgar en la pared y disfrutar de esta obra de arte inspirada en los a\u00f1os de juventud y ritmo de Whitney Houston, su voz perdurar\u00e1 en nuestras mentes y en las de quienes fueron sus grandes seguidores y admiradores. Dale un toque diferente a tu espacio con esta obra de arte, que incluye su propio marco y protector. Impreso en papel de alta calidad para garantizar la fidelidad de los colores y los detalles. Forma parte de mi colecci\u00f3n de arte digital \u201cEstrellas de la M\u00fasica\u201d, en la que sigo pintando personajes para unirme a esta serie que disfruto much\u00edsimo. Creado con mucho cari\u00f1o en homenaje a la gran contribuci\u00f3n de la m\u00fasica al mundo.<\/p>\n<p>Dale un toque especial a cualquier habitaci\u00f3n con este p\u00f3ster enmarcado, impreso en papel mate de alta calidad. El marco negro mate, fabricado con madera procedente de bosques sostenibles, le a\u00f1ade un toque de distinci\u00f3n.<\/p>\n<p>\u2022 Marco de madera de Ayous de 1,9 cm (0,75 pulgadas) de grosor, procedente de bosques sostenibles.<br \/>\n\u2022 Grosor del papel: 10,3 mil (0,26 mm)<br \/>\n\u2022 Gramaje del papel: 189 g\/m\u00b2<br \/>\n\u2022 Ligero<br \/>\n\u2022 Protector frontal de acr\u00edlico<br \/>\n\u2022 Incluye accesorios para colgar.<\/p>\n<p>Este producto se fabrica especialmente para ti en cuanto realizas tu pedido, por eso tardamos un poco m\u00e1s en entreg\u00e1rtelo. Fabricar bajo pedido en lugar de en grandes cantidades nos ayuda a reducir la sobreproducci\u00f3n, \u00a1as\u00ed que gracias por tomar decisiones de compra conscientes!<\/p>","protected":false},"excerpt":{"rendered":"<p>Todas las medidas que se muestran aqu\u00ed est\u00e1n en pulgadas.<\/p>","protected":false},"featured_media":7142,"comment_status":"open","ping_status":"closed","template":"","meta":{"site-sidebar-layout":"default","site-content-layout":"","ast-site-content-layout":"default","site-content-style":"default","site-sidebar-style":"default","ast-global-header-display":"","ast-banner-title-visibility":"","ast-main-header-display":"","ast-hfb-above-header-display":"","ast-hfb-below-header-display":"","ast-hfb-mobile-header-display":"","site-post-title":"","ast-breadcrumbs-content":"","ast-featured-img":"","footer-sml-layout":"","theme-transparent-header-meta":"default","adv-header-id-meta":"","stick-header-meta":"","header-above-stick-meta":"","header-main-stick-meta":"","header-below-stick-meta":"","astra-migrate-meta-layouts":"set","ast-page-background-enabled":"default","ast-page-background-meta":{"desktop":{"background-color":"","background-image":"","background-repeat":"repeat","background-position":"center center","background-size":"auto","background-attachment":"scroll","background-type":"","background-media":"","overlay-type":"","overlay-color":"","overlay-opacity":"","overlay-gradient":""},"tablet":{"background-color":"","background-image":"","background-repeat":"repeat","background-position":"center center","background-size":"auto","background-attachment":"scroll","background-type":"","background-media":"","overlay-type":"","overlay-color":"","overlay-opacity":"","overlay-gradient":""},"mobile":{"background-color":"","background-image":"","background-repeat":"repeat","background-position":"center center","background-size":"auto","background-attachment":"scroll","background-type":"","background-media":"","overlay-type":"","overlay-color":"","overlay-opacity":"","overlay-gradient":""}},"ast-content-background-meta":{"desktop":{"background-color":"var(--ast-global-color-5)","background-image":"","background-repeat":"repeat","background-position":"center center","background-size":"auto","background-attachment":"scroll","background-type":"","background-media":"","overlay-type":"","overlay-color":"","overlay-opacity":"","overlay-gradient":""},"tablet":{"background-color":"var(--ast-global-color-5)","background-image":"","background-repeat":"repeat","background-position":"center center","background-size":"auto","background-attachment":"scroll","background-type":"","background-media":"","overlay-type":"","overlay-color":"","overlay-opacity":"","overlay-gradient":""},"mobile":{"background-color":"var(--ast-global-color-5)","background-image":"","background-repeat":"repeat","background-position":"center center","background-size":"auto","background-attachment":"scroll","background-type":"","background-media":"","overlay-type":"","overlay-color":"","overlay-opacity":"","overlay-gradient":""}}},"product_brand":[],"product_cat":[105,299],"product_tag":[312,265,313],"class_list":{"0":"post-7135","1":"product","2":"type-product","3":"status-publish","4":"has-post-thumbnail","6":"product_cat-digitalart","7":"product_cat-posters","8":"product_tag-100-original-illustrated","9":"product_tag-music-stars","10":"product_tag-music-stars-collection","11":"product_shipping_class-framed-poster","12":"desktop-align-left","13":"tablet-align-left","14":"mobile-align-left","16":"first","17":"instock","18":"purchasable","19":"product-type-variable"},"yoast_head":"<!-- This site is optimized with the Yoast SEO plugin v27.4 - https:\/\/yoast.com\/product\/yoast-seo-wordpress\/ -->\n<title>Whitney Houston Ilustration Framed Poster - Pauarte<\/title>\n<meta name=\"description\" content=\"Celebrate Whitney Houston with this framed poster featuring an exclusive hand-drawn illustration. A timeless piece for music lovers and collectors.\" \/>\n<meta name=\"robots\" content=\"index, follow, max-snippet:-1, max-image-preview:large, max-video-preview:-1\" \/>\n<link rel=\"canonical\" href=\"https:\/\/www.pauarte.com\/es\/producto\/whitney-houston-framed-poster-exclusive-music-art-print\/\" \/>\n<meta property=\"og:locale\" content=\"es_ES\" \/>\n<meta property=\"og:type\" content=\"article\" \/>\n<meta property=\"og:title\" content=\"Whitney Houston Ilustration Framed Poster - Pauarte\" \/>\n<meta property=\"og:description\" content=\"Celebrate Whitney Houston with this framed poster featuring an exclusive hand-drawn illustration. A timeless piece for music lovers and collectors.\" \/>\n<meta property=\"og:url\" content=\"https:\/\/www.pauarte.com\/es\/producto\/whitney-houston-framed-poster-exclusive-music-art-print\/\" \/>\n<meta property=\"og:site_name\" content=\"Pauarte\" \/>\n<meta property=\"article:modified_time\" content=\"2025-12-07T04:10:58+00:00\" \/>\n<meta property=\"og:image\" content=\"https:\/\/www.pauarte.com\/wp-content\/uploads\/2023\/09\/enhanced-matte-paper-framed-poster-in-black-16x16-transparent-65072a09ea643.jpg\" \/>\n\t<meta property=\"og:image:width\" content=\"1000\" \/>\n\t<meta property=\"og:image:height\" content=\"1000\" \/>\n\t<meta property=\"og:image:type\" content=\"image\/jpeg\" \/>\n<meta name=\"twitter:card\" content=\"summary_large_image\" \/>\n<meta name=\"twitter:label1\" content=\"Est. reading time\" \/>\n\t<meta name=\"twitter:data1\" content=\"2 minutos\" \/>\n<script type=\"application\/ld+json\" class=\"yoast-schema-graph\">{\"@context\":\"https:\\\/\\\/schema.org\",\"@graph\":[{\"@type\":\"WebPage\",\"@id\":\"https:\\\/\\\/www.pauarte.com\\\/producto\\\/whitney-houston-framed-poster-exclusive-music-art-print\\\/\",\"url\":\"https:\\\/\\\/www.pauarte.com\\\/producto\\\/whitney-houston-framed-poster-exclusive-music-art-print\\\/\",\"name\":\"Whitney Houston Ilustration Framed Poster - Pauarte\",\"isPartOf\":{\"@id\":\"https:\\\/\\\/www.pauarte.com\\\/#website\"},\"primaryImageOfPage\":{\"@id\":\"https:\\\/\\\/www.pauarte.com\\\/producto\\\/whitney-houston-framed-poster-exclusive-music-art-print\\\/#primaryimage\"},\"image\":{\"@id\":\"https:\\\/\\\/www.pauarte.com\\\/producto\\\/whitney-houston-framed-poster-exclusive-music-art-print\\\/#primaryimage\"},\"thumbnailUrl\":\"https:\\\/\\\/www.pauarte.com\\\/wp-content\\\/uploads\\\/2023\\\/09\\\/enhanced-matte-paper-framed-poster-in-black-16x16-transparent-65072a09ea643.jpg\",\"datePublished\":\"2023-09-17T16:33:10+00:00\",\"dateModified\":\"2025-12-07T04:10:58+00:00\",\"description\":\"Celebrate Whitney Houston with this framed poster featuring an exclusive hand-drawn illustration. A timeless piece for music lovers and collectors.\",\"breadcrumb\":{\"@id\":\"https:\\\/\\\/www.pauarte.com\\\/producto\\\/whitney-houston-framed-poster-exclusive-music-art-print\\\/#breadcrumb\"},\"inLanguage\":\"es-CR\",\"potentialAction\":[{\"@type\":\"ReadAction\",\"target\":[\"https:\\\/\\\/www.pauarte.com\\\/producto\\\/whitney-houston-framed-poster-exclusive-music-art-print\\\/\"]}]},{\"@type\":\"ImageObject\",\"inLanguage\":\"es-CR\",\"@id\":\"https:\\\/\\\/www.pauarte.com\\\/producto\\\/whitney-houston-framed-poster-exclusive-music-art-print\\\/#primaryimage\",\"url\":\"https:\\\/\\\/www.pauarte.com\\\/wp-content\\\/uploads\\\/2023\\\/09\\\/enhanced-matte-paper-framed-poster-in-black-16x16-transparent-65072a09ea643.jpg\",\"contentUrl\":\"https:\\\/\\\/www.pauarte.com\\\/wp-content\\\/uploads\\\/2023\\\/09\\\/enhanced-matte-paper-framed-poster-in-black-16x16-transparent-65072a09ea643.jpg\",\"width\":1000,\"height\":1000},{\"@type\":\"BreadcrumbList\",\"@id\":\"https:\\\/\\\/www.pauarte.com\\\/producto\\\/whitney-houston-framed-poster-exclusive-music-art-print\\\/#breadcrumb\",\"itemListElement\":[{\"@type\":\"ListItem\",\"position\":1,\"name\":\"Portada\",\"item\":\"https:\\\/\\\/www.pauarte.com\\\/\"},{\"@type\":\"ListItem\",\"position\":2,\"name\":\"Shop\",\"item\":\"https:\\\/\\\/www.pauarte.com\\\/shop\\\/\"},{\"@type\":\"ListItem\",\"position\":3,\"name\":\"Whitney Houston Ilustration Framed Poster\"}]},{\"@type\":\"WebSite\",\"@id\":\"https:\\\/\\\/www.pauarte.com\\\/#website\",\"url\":\"https:\\\/\\\/www.pauarte.com\\\/\",\"name\":\"Pauarte\",\"description\":\"Original Art on products\",\"publisher\":{\"@id\":\"https:\\\/\\\/www.pauarte.com\\\/#\\\/schema\\\/person\\\/2d8f88fdc14cb16c433bcc52ed42d165\"},\"potentialAction\":[{\"@type\":\"SearchAction\",\"target\":{\"@type\":\"EntryPoint\",\"urlTemplate\":\"https:\\\/\\\/www.pauarte.com\\\/?s={search_term_string}\"},\"query-input\":{\"@type\":\"PropertyValueSpecification\",\"valueRequired\":true,\"valueName\":\"search_term_string\"}}],\"inLanguage\":\"es-CR\"},{\"@type\":[\"Person\",\"Organization\"],\"@id\":\"https:\\\/\\\/www.pauarte.com\\\/#\\\/schema\\\/person\\\/2d8f88fdc14cb16c433bcc52ed42d165\",\"name\":\"Paula Rojas Brenes\",\"image\":{\"@type\":\"ImageObject\",\"inLanguage\":\"es-CR\",\"@id\":\"https:\\\/\\\/www.pauarte.com\\\/wp-content\\\/uploads\\\/2022\\\/06\\\/perfil-marketing-CIRCULO.png\",\"url\":\"https:\\\/\\\/www.pauarte.com\\\/wp-content\\\/uploads\\\/2022\\\/06\\\/perfil-marketing-CIRCULO.png\",\"contentUrl\":\"https:\\\/\\\/www.pauarte.com\\\/wp-content\\\/uploads\\\/2022\\\/06\\\/perfil-marketing-CIRCULO.png\",\"width\":1200,\"height\":1200,\"caption\":\"Paula Rojas Brenes\"},\"logo\":{\"@id\":\"https:\\\/\\\/www.pauarte.com\\\/wp-content\\\/uploads\\\/2022\\\/06\\\/perfil-marketing-CIRCULO.png\"}}]}<\/script>\n<!-- \/ Yoast SEO plugin. -->","yoast_head_json":{"title":"Whitney Houston Ilustration Framed Poster - Pauarte","description":"Celebrate Whitney Houston with this framed poster featuring an exclusive hand-drawn illustration. A timeless piece for music lovers and collectors.","robots":{"index":"index","follow":"follow","max-snippet":"max-snippet:-1","max-image-preview":"max-image-preview:large","max-video-preview":"max-video-preview:-1"},"canonical":"https:\/\/www.pauarte.com\/es\/producto\/whitney-houston-framed-poster-exclusive-music-art-print\/","og_locale":"es_ES","og_type":"article","og_title":"Whitney Houston Ilustration Framed Poster - Pauarte","og_description":"Celebrate Whitney Houston with this framed poster featuring an exclusive hand-drawn illustration. A timeless piece for music lovers and collectors.","og_url":"https:\/\/www.pauarte.com\/es\/producto\/whitney-houston-framed-poster-exclusive-music-art-print\/","og_site_name":"Pauarte","article_modified_time":"2025-12-07T04:10:58+00:00","og_image":[{"width":1000,"height":1000,"url":"https:\/\/www.pauarte.com\/wp-content\/uploads\/2023\/09\/enhanced-matte-paper-framed-poster-in-black-16x16-transparent-65072a09ea643.jpg","type":"image\/jpeg"}],"twitter_card":"summary_large_image","twitter_misc":{"Est. reading time":"2 minutos"},"schema":{"@context":"https:\/\/schema.org","@graph":[{"@type":"WebPage","@id":"https:\/\/www.pauarte.com\/producto\/whitney-houston-framed-poster-exclusive-music-art-print\/","url":"https:\/\/www.pauarte.com\/producto\/whitney-houston-framed-poster-exclusive-music-art-print\/","name":"Whitney Houston Ilustration Framed Poster - Pauarte","isPartOf":{"@id":"https:\/\/www.pauarte.com\/#website"},"primaryImageOfPage":{"@id":"https:\/\/www.pauarte.com\/producto\/whitney-houston-framed-poster-exclusive-music-art-print\/#primaryimage"},"image":{"@id":"https:\/\/www.pauarte.com\/producto\/whitney-houston-framed-poster-exclusive-music-art-print\/#primaryimage"},"thumbnailUrl":"https:\/\/www.pauarte.com\/wp-content\/uploads\/2023\/09\/enhanced-matte-paper-framed-poster-in-black-16x16-transparent-65072a09ea643.jpg","datePublished":"2023-09-17T16:33:10+00:00","dateModified":"2025-12-07T04:10:58+00:00","description":"Celebrate Whitney Houston with this framed poster featuring an exclusive hand-drawn illustration. A timeless piece for music lovers and collectors.","breadcrumb":{"@id":"https:\/\/www.pauarte.com\/producto\/whitney-houston-framed-poster-exclusive-music-art-print\/#breadcrumb"},"inLanguage":"es-CR","potentialAction":[{"@type":"ReadAction","target":["https:\/\/www.pauarte.com\/producto\/whitney-houston-framed-poster-exclusive-music-art-print\/"]}]},{"@type":"ImageObject","inLanguage":"es-CR","@id":"https:\/\/www.pauarte.com\/producto\/whitney-houston-framed-poster-exclusive-music-art-print\/#primaryimage","url":"https:\/\/www.pauarte.com\/wp-content\/uploads\/2023\/09\/enhanced-matte-paper-framed-poster-in-black-16x16-transparent-65072a09ea643.jpg","contentUrl":"https:\/\/www.pauarte.com\/wp-content\/uploads\/2023\/09\/enhanced-matte-paper-framed-poster-in-black-16x16-transparent-65072a09ea643.jpg","width":1000,"height":1000},{"@type":"BreadcrumbList","@id":"https:\/\/www.pauarte.com\/producto\/whitney-houston-framed-poster-exclusive-music-art-print\/#breadcrumb","itemListElement":[{"@type":"ListItem","position":1,"name":"Portada","item":"https:\/\/www.pauarte.com\/"},{"@type":"ListItem","position":2,"name":"Shop","item":"https:\/\/www.pauarte.com\/shop\/"},{"@type":"ListItem","position":3,"name":"Whitney Houston Ilustration Framed Poster"}]},{"@type":"WebSite","@id":"https:\/\/www.pauarte.com\/#website","url":"https:\/\/www.pauarte.com\/","name":"Pauarte","description":"Original Art on products","publisher":{"@id":"https:\/\/www.pauarte.com\/#\/schema\/person\/2d8f88fdc14cb16c433bcc52ed42d165"},"potentialAction":[{"@type":"SearchAction","target":{"@type":"EntryPoint","urlTemplate":"https:\/\/www.pauarte.com\/?s={search_term_string}"},"query-input":{"@type":"PropertyValueSpecification","valueRequired":true,"valueName":"search_term_string"}}],"inLanguage":"es-CR"},{"@type":["Person","Organization"],"@id":"https:\/\/www.pauarte.com\/#\/schema\/person\/2d8f88fdc14cb16c433bcc52ed42d165","name":"Paula Rojas Brenes","image":{"@type":"ImageObject","inLanguage":"es-CR","@id":"https:\/\/www.pauarte.com\/wp-content\/uploads\/2022\/06\/perfil-marketing-CIRCULO.png","url":"https:\/\/www.pauarte.com\/wp-content\/uploads\/2022\/06\/perfil-marketing-CIRCULO.png","contentUrl":"https:\/\/www.pauarte.com\/wp-content\/uploads\/2022\/06\/perfil-marketing-CIRCULO.png","width":1200,"height":1200,"caption":"Paula Rojas Brenes"},"logo":{"@id":"https:\/\/www.pauarte.com\/wp-content\/uploads\/2022\/06\/perfil-marketing-CIRCULO.png"}}]}},"_links":{"self":[{"href":"https:\/\/www.pauarte.com\/es\/wp-json\/wp\/v2\/product\/7135","targetHints":{"allow":["GET"]}}],"collection":[{"href":"https:\/\/www.pauarte.com\/es\/wp-json\/wp\/v2\/product"}],"about":[{"href":"https:\/\/www.pauarte.com\/es\/wp-json\/wp\/v2\/types\/product"}],"replies":[{"embeddable":true,"href":"https:\/\/www.pauarte.com\/es\/wp-json\/wp\/v2\/comments?post=7135"}],"wp:featuredmedia":[{"embeddable":true,"href":"https:\/\/www.pauarte.com\/es\/wp-json\/wp\/v2\/media\/7142"}],"wp:attachment":[{"href":"https:\/\/www.pauarte.com\/es\/wp-json\/wp\/v2\/media?parent=7135"}],"wp:term":[{"taxonomy":"product_brand","embeddable":true,"href":"https:\/\/www.pauarte.com\/es\/wp-json\/wp\/v2\/product_brand?post=7135"},{"taxonomy":"product_cat","embeddable":true,"href":"https:\/\/www.pauarte.com\/es\/wp-json\/wp\/v2\/product_cat?post=7135"},{"taxonomy":"product_tag","embeddable":true,"href":"https:\/\/www.pauarte.com\/es\/wp-json\/wp\/v2\/product_tag?post=7135"}],"curies":[{"name":"wp","href":"https:\/\/api.w.org\/{rel}","templated":true}]}}