{"id":7106,"date":"2023-09-17T10:25:58","date_gmt":"2023-09-17T16:25:58","guid":{"rendered":"https:\/\/www.pauarte.com\/producto\/framed-poster\/"},"modified":"2025-12-06T22:14:10","modified_gmt":"2025-12-07T04:14:10","slug":"amy-winehouse-framed-poster-exclusive-art-print","status":"publish","type":"product","link":"https:\/\/www.pauarte.com\/es\/producto\/amy-winehouse-framed-poster-exclusive-art-print\/","title":{"rendered":"P\u00f3ster enmarcado con ilustraci\u00f3n de Amy Winehouse"},"content":{"rendered":"<p>Amy Winehouse was a great jazz and blues performer with her distinct style and personality. We perpetuate her legacy with this artwork that you can have already framed, ready to hang on the wall, printed on a special fine art paper; it also has a special protector on the front to preserve it for many years and protect it from dust or accidents.<br \/>\nThis product is available for any country. An ideal gift for fans of Winehouse or the musical genre to which she belongs.<br \/>\nDale un toque especial a cualquier habitaci\u00f3n con este p\u00f3ster enmarcado, impreso en papel mate de alta calidad. El marco negro mate, fabricado con madera procedente de bosques sostenibles, le a\u00f1ade un toque de distinci\u00f3n.<br \/>\n\u2022 Marco de madera de Ayous de 1,9 cm (0,75 pulgadas) de grosor, procedente de bosques sostenibles.<br \/>\n\u2022 Grosor del papel: 10,3 mil (0,26 mm)<br \/>\n\u2022 Gramaje del papel: 189 g\/m\u00b2<br \/>\n\u2022 Ligero<br \/>\n\u2022 Protector frontal de acr\u00edlico<br \/>\n\u2022 Incluye accesorios para colgar.<\/p>\n<p>Este producto se fabrica especialmente para ti en cuanto realizas tu pedido, por eso tardamos un poco m\u00e1s en entreg\u00e1rtelo. Fabricar bajo pedido en lugar de en grandes cantidades nos ayuda a reducir la sobreproducci\u00f3n, \u00a1as\u00ed que gracias por tomar decisiones de compra conscientes!<\/p>","protected":false},"excerpt":{"rendered":"<p>Todas las medidas que se muestran aqu\u00ed est\u00e1n en pulgadas.<\/p>","protected":false},"featured_media":7113,"comment_status":"open","ping_status":"closed","template":"","meta":{"site-sidebar-layout":"default","site-content-layout":"","ast-site-content-layout":"default","site-content-style":"default","site-sidebar-style":"default","ast-global-header-display":"","ast-banner-title-visibility":"","ast-main-header-display":"","ast-hfb-above-header-display":"","ast-hfb-below-header-display":"","ast-hfb-mobile-header-display":"","site-post-title":"","ast-breadcrumbs-content":"","ast-featured-img":"","footer-sml-layout":"","theme-transparent-header-meta":"default","adv-header-id-meta":"","stick-header-meta":"","header-above-stick-meta":"","header-main-stick-meta":"","header-below-stick-meta":"","astra-migrate-meta-layouts":"set","ast-page-background-enabled":"default","ast-page-background-meta":{"desktop":{"background-color":"","background-image":"","background-repeat":"repeat","background-position":"center center","background-size":"auto","background-attachment":"scroll","background-type":"","background-media":"","overlay-type":"","overlay-color":"","overlay-opacity":"","overlay-gradient":""},"tablet":{"background-color":"","background-image":"","background-repeat":"repeat","background-position":"center center","background-size":"auto","background-attachment":"scroll","background-type":"","background-media":"","overlay-type":"","overlay-color":"","overlay-opacity":"","overlay-gradient":""},"mobile":{"background-color":"","background-image":"","background-repeat":"repeat","background-position":"center center","background-size":"auto","background-attachment":"scroll","background-type":"","background-media":"","overlay-type":"","overlay-color":"","overlay-opacity":"","overlay-gradient":""}},"ast-content-background-meta":{"desktop":{"background-color":"var(--ast-global-color-5)","background-image":"","background-repeat":"repeat","background-position":"center center","background-size":"auto","background-attachment":"scroll","background-type":"","background-media":"","overlay-type":"","overlay-color":"","overlay-opacity":"","overlay-gradient":""},"tablet":{"background-color":"var(--ast-global-color-5)","background-image":"","background-repeat":"repeat","background-position":"center center","background-size":"auto","background-attachment":"scroll","background-type":"","background-media":"","overlay-type":"","overlay-color":"","overlay-opacity":"","overlay-gradient":""},"mobile":{"background-color":"var(--ast-global-color-5)","background-image":"","background-repeat":"repeat","background-position":"center center","background-size":"auto","background-attachment":"scroll","background-type":"","background-media":"","overlay-type":"","overlay-color":"","overlay-opacity":"","overlay-gradient":""}}},"product_brand":[],"product_cat":[105,299],"product_tag":[312,265,313],"class_list":{"0":"post-7106","1":"product","2":"type-product","3":"status-publish","4":"has-post-thumbnail","6":"product_cat-digitalart","7":"product_cat-posters","8":"product_tag-100-original-illustrated","9":"product_tag-music-stars","10":"product_tag-music-stars-collection","11":"product_shipping_class-framed-poster","12":"desktop-align-left","13":"tablet-align-left","14":"mobile-align-left","16":"first","17":"instock","18":"purchasable","19":"product-type-variable"},"yoast_head":"<!-- This site is optimized with the Yoast SEO plugin v27.4 - https:\/\/yoast.com\/product\/yoast-seo-wordpress\/ -->\n<title>Amy Winehouse Ilustration Framed Poster - Pauarte<\/title>\n<meta name=\"description\" content=\"Celebrate Amy Winehouse with this beautifully framed poster showcasing an exclusive hand-drawn illustration. Perfect for fans of the legendary singer.\" \/>\n<meta name=\"robots\" content=\"index, follow, max-snippet:-1, max-image-preview:large, max-video-preview:-1\" \/>\n<link rel=\"canonical\" href=\"https:\/\/www.pauarte.com\/es\/producto\/amy-winehouse-framed-poster-exclusive-art-print\/\" \/>\n<meta property=\"og:locale\" content=\"es_ES\" \/>\n<meta property=\"og:type\" content=\"article\" \/>\n<meta property=\"og:title\" content=\"Amy Winehouse Ilustration Framed Poster - Pauarte\" \/>\n<meta property=\"og:description\" content=\"Celebrate Amy Winehouse with this beautifully framed poster showcasing an exclusive hand-drawn illustration. Perfect for fans of the legendary singer.\" \/>\n<meta property=\"og:url\" content=\"https:\/\/www.pauarte.com\/es\/producto\/amy-winehouse-framed-poster-exclusive-art-print\/\" \/>\n<meta property=\"og:site_name\" content=\"Pauarte\" \/>\n<meta property=\"article:modified_time\" content=\"2025-12-07T04:14:10+00:00\" \/>\n<meta property=\"og:image\" content=\"https:\/\/www.pauarte.com\/wp-content\/uploads\/2023\/09\/enhanced-matte-paper-framed-poster-in-black-12x12-transparent-6507286074437.jpg\" \/>\n\t<meta property=\"og:image:width\" content=\"1000\" \/>\n\t<meta property=\"og:image:height\" content=\"1000\" \/>\n\t<meta property=\"og:image:type\" content=\"image\/jpeg\" \/>\n<meta name=\"twitter:card\" content=\"summary_large_image\" \/>\n<meta name=\"twitter:label1\" content=\"Est. reading time\" \/>\n\t<meta name=\"twitter:data1\" content=\"2 minutos\" \/>\n<script type=\"application\/ld+json\" class=\"yoast-schema-graph\">{\"@context\":\"https:\\\/\\\/schema.org\",\"@graph\":[{\"@type\":\"WebPage\",\"@id\":\"https:\\\/\\\/www.pauarte.com\\\/producto\\\/amy-winehouse-framed-poster-exclusive-art-print\\\/\",\"url\":\"https:\\\/\\\/www.pauarte.com\\\/producto\\\/amy-winehouse-framed-poster-exclusive-art-print\\\/\",\"name\":\"Amy Winehouse Ilustration Framed Poster - Pauarte\",\"isPartOf\":{\"@id\":\"https:\\\/\\\/www.pauarte.com\\\/#website\"},\"primaryImageOfPage\":{\"@id\":\"https:\\\/\\\/www.pauarte.com\\\/producto\\\/amy-winehouse-framed-poster-exclusive-art-print\\\/#primaryimage\"},\"image\":{\"@id\":\"https:\\\/\\\/www.pauarte.com\\\/producto\\\/amy-winehouse-framed-poster-exclusive-art-print\\\/#primaryimage\"},\"thumbnailUrl\":\"https:\\\/\\\/www.pauarte.com\\\/wp-content\\\/uploads\\\/2023\\\/09\\\/enhanced-matte-paper-framed-poster-in-black-12x12-transparent-6507286074437.jpg\",\"datePublished\":\"2023-09-17T16:25:58+00:00\",\"dateModified\":\"2025-12-07T04:14:10+00:00\",\"description\":\"Celebrate Amy Winehouse with this beautifully framed poster showcasing an exclusive hand-drawn illustration. Perfect for fans of the legendary singer.\",\"breadcrumb\":{\"@id\":\"https:\\\/\\\/www.pauarte.com\\\/producto\\\/amy-winehouse-framed-poster-exclusive-art-print\\\/#breadcrumb\"},\"inLanguage\":\"es-CR\",\"potentialAction\":[{\"@type\":\"ReadAction\",\"target\":[\"https:\\\/\\\/www.pauarte.com\\\/producto\\\/amy-winehouse-framed-poster-exclusive-art-print\\\/\"]}]},{\"@type\":\"ImageObject\",\"inLanguage\":\"es-CR\",\"@id\":\"https:\\\/\\\/www.pauarte.com\\\/producto\\\/amy-winehouse-framed-poster-exclusive-art-print\\\/#primaryimage\",\"url\":\"https:\\\/\\\/www.pauarte.com\\\/wp-content\\\/uploads\\\/2023\\\/09\\\/enhanced-matte-paper-framed-poster-in-black-12x12-transparent-6507286074437.jpg\",\"contentUrl\":\"https:\\\/\\\/www.pauarte.com\\\/wp-content\\\/uploads\\\/2023\\\/09\\\/enhanced-matte-paper-framed-poster-in-black-12x12-transparent-6507286074437.jpg\",\"width\":1000,\"height\":1000},{\"@type\":\"BreadcrumbList\",\"@id\":\"https:\\\/\\\/www.pauarte.com\\\/producto\\\/amy-winehouse-framed-poster-exclusive-art-print\\\/#breadcrumb\",\"itemListElement\":[{\"@type\":\"ListItem\",\"position\":1,\"name\":\"Portada\",\"item\":\"https:\\\/\\\/www.pauarte.com\\\/\"},{\"@type\":\"ListItem\",\"position\":2,\"name\":\"Shop\",\"item\":\"https:\\\/\\\/www.pauarte.com\\\/shop\\\/\"},{\"@type\":\"ListItem\",\"position\":3,\"name\":\"Amy Winehouse Ilustration Framed Poster\"}]},{\"@type\":\"WebSite\",\"@id\":\"https:\\\/\\\/www.pauarte.com\\\/#website\",\"url\":\"https:\\\/\\\/www.pauarte.com\\\/\",\"name\":\"Pauarte\",\"description\":\"Original Art on products\",\"publisher\":{\"@id\":\"https:\\\/\\\/www.pauarte.com\\\/#\\\/schema\\\/person\\\/2d8f88fdc14cb16c433bcc52ed42d165\"},\"potentialAction\":[{\"@type\":\"SearchAction\",\"target\":{\"@type\":\"EntryPoint\",\"urlTemplate\":\"https:\\\/\\\/www.pauarte.com\\\/?s={search_term_string}\"},\"query-input\":{\"@type\":\"PropertyValueSpecification\",\"valueRequired\":true,\"valueName\":\"search_term_string\"}}],\"inLanguage\":\"es-CR\"},{\"@type\":[\"Person\",\"Organization\"],\"@id\":\"https:\\\/\\\/www.pauarte.com\\\/#\\\/schema\\\/person\\\/2d8f88fdc14cb16c433bcc52ed42d165\",\"name\":\"Paula Rojas Brenes\",\"image\":{\"@type\":\"ImageObject\",\"inLanguage\":\"es-CR\",\"@id\":\"https:\\\/\\\/www.pauarte.com\\\/wp-content\\\/uploads\\\/2022\\\/06\\\/perfil-marketing-CIRCULO.png\",\"url\":\"https:\\\/\\\/www.pauarte.com\\\/wp-content\\\/uploads\\\/2022\\\/06\\\/perfil-marketing-CIRCULO.png\",\"contentUrl\":\"https:\\\/\\\/www.pauarte.com\\\/wp-content\\\/uploads\\\/2022\\\/06\\\/perfil-marketing-CIRCULO.png\",\"width\":1200,\"height\":1200,\"caption\":\"Paula Rojas Brenes\"},\"logo\":{\"@id\":\"https:\\\/\\\/www.pauarte.com\\\/wp-content\\\/uploads\\\/2022\\\/06\\\/perfil-marketing-CIRCULO.png\"}}]}<\/script>\n<!-- \/ Yoast SEO plugin. -->","yoast_head_json":{"title":"Amy Winehouse Ilustration Framed Poster - Pauarte","description":"Celebrate Amy Winehouse with this beautifully framed poster showcasing an exclusive hand-drawn illustration. Perfect for fans of the legendary singer.","robots":{"index":"index","follow":"follow","max-snippet":"max-snippet:-1","max-image-preview":"max-image-preview:large","max-video-preview":"max-video-preview:-1"},"canonical":"https:\/\/www.pauarte.com\/es\/producto\/amy-winehouse-framed-poster-exclusive-art-print\/","og_locale":"es_ES","og_type":"article","og_title":"Amy Winehouse Ilustration Framed Poster - Pauarte","og_description":"Celebrate Amy Winehouse with this beautifully framed poster showcasing an exclusive hand-drawn illustration. Perfect for fans of the legendary singer.","og_url":"https:\/\/www.pauarte.com\/es\/producto\/amy-winehouse-framed-poster-exclusive-art-print\/","og_site_name":"Pauarte","article_modified_time":"2025-12-07T04:14:10+00:00","og_image":[{"width":1000,"height":1000,"url":"https:\/\/www.pauarte.com\/wp-content\/uploads\/2023\/09\/enhanced-matte-paper-framed-poster-in-black-12x12-transparent-6507286074437.jpg","type":"image\/jpeg"}],"twitter_card":"summary_large_image","twitter_misc":{"Est. reading time":"2 minutos"},"schema":{"@context":"https:\/\/schema.org","@graph":[{"@type":"WebPage","@id":"https:\/\/www.pauarte.com\/producto\/amy-winehouse-framed-poster-exclusive-art-print\/","url":"https:\/\/www.pauarte.com\/producto\/amy-winehouse-framed-poster-exclusive-art-print\/","name":"Amy Winehouse Ilustration Framed Poster - Pauarte","isPartOf":{"@id":"https:\/\/www.pauarte.com\/#website"},"primaryImageOfPage":{"@id":"https:\/\/www.pauarte.com\/producto\/amy-winehouse-framed-poster-exclusive-art-print\/#primaryimage"},"image":{"@id":"https:\/\/www.pauarte.com\/producto\/amy-winehouse-framed-poster-exclusive-art-print\/#primaryimage"},"thumbnailUrl":"https:\/\/www.pauarte.com\/wp-content\/uploads\/2023\/09\/enhanced-matte-paper-framed-poster-in-black-12x12-transparent-6507286074437.jpg","datePublished":"2023-09-17T16:25:58+00:00","dateModified":"2025-12-07T04:14:10+00:00","description":"Celebrate Amy Winehouse with this beautifully framed poster showcasing an exclusive hand-drawn illustration. Perfect for fans of the legendary singer.","breadcrumb":{"@id":"https:\/\/www.pauarte.com\/producto\/amy-winehouse-framed-poster-exclusive-art-print\/#breadcrumb"},"inLanguage":"es-CR","potentialAction":[{"@type":"ReadAction","target":["https:\/\/www.pauarte.com\/producto\/amy-winehouse-framed-poster-exclusive-art-print\/"]}]},{"@type":"ImageObject","inLanguage":"es-CR","@id":"https:\/\/www.pauarte.com\/producto\/amy-winehouse-framed-poster-exclusive-art-print\/#primaryimage","url":"https:\/\/www.pauarte.com\/wp-content\/uploads\/2023\/09\/enhanced-matte-paper-framed-poster-in-black-12x12-transparent-6507286074437.jpg","contentUrl":"https:\/\/www.pauarte.com\/wp-content\/uploads\/2023\/09\/enhanced-matte-paper-framed-poster-in-black-12x12-transparent-6507286074437.jpg","width":1000,"height":1000},{"@type":"BreadcrumbList","@id":"https:\/\/www.pauarte.com\/producto\/amy-winehouse-framed-poster-exclusive-art-print\/#breadcrumb","itemListElement":[{"@type":"ListItem","position":1,"name":"Portada","item":"https:\/\/www.pauarte.com\/"},{"@type":"ListItem","position":2,"name":"Shop","item":"https:\/\/www.pauarte.com\/shop\/"},{"@type":"ListItem","position":3,"name":"Amy Winehouse Ilustration Framed Poster"}]},{"@type":"WebSite","@id":"https:\/\/www.pauarte.com\/#website","url":"https:\/\/www.pauarte.com\/","name":"Pauarte","description":"Original Art on products","publisher":{"@id":"https:\/\/www.pauarte.com\/#\/schema\/person\/2d8f88fdc14cb16c433bcc52ed42d165"},"potentialAction":[{"@type":"SearchAction","target":{"@type":"EntryPoint","urlTemplate":"https:\/\/www.pauarte.com\/?s={search_term_string}"},"query-input":{"@type":"PropertyValueSpecification","valueRequired":true,"valueName":"search_term_string"}}],"inLanguage":"es-CR"},{"@type":["Person","Organization"],"@id":"https:\/\/www.pauarte.com\/#\/schema\/person\/2d8f88fdc14cb16c433bcc52ed42d165","name":"Paula Rojas Brenes","image":{"@type":"ImageObject","inLanguage":"es-CR","@id":"https:\/\/www.pauarte.com\/wp-content\/uploads\/2022\/06\/perfil-marketing-CIRCULO.png","url":"https:\/\/www.pauarte.com\/wp-content\/uploads\/2022\/06\/perfil-marketing-CIRCULO.png","contentUrl":"https:\/\/www.pauarte.com\/wp-content\/uploads\/2022\/06\/perfil-marketing-CIRCULO.png","width":1200,"height":1200,"caption":"Paula Rojas Brenes"},"logo":{"@id":"https:\/\/www.pauarte.com\/wp-content\/uploads\/2022\/06\/perfil-marketing-CIRCULO.png"}}]}},"_links":{"self":[{"href":"https:\/\/www.pauarte.com\/es\/wp-json\/wp\/v2\/product\/7106","targetHints":{"allow":["GET"]}}],"collection":[{"href":"https:\/\/www.pauarte.com\/es\/wp-json\/wp\/v2\/product"}],"about":[{"href":"https:\/\/www.pauarte.com\/es\/wp-json\/wp\/v2\/types\/product"}],"replies":[{"embeddable":true,"href":"https:\/\/www.pauarte.com\/es\/wp-json\/wp\/v2\/comments?post=7106"}],"wp:featuredmedia":[{"embeddable":true,"href":"https:\/\/www.pauarte.com\/es\/wp-json\/wp\/v2\/media\/7113"}],"wp:attachment":[{"href":"https:\/\/www.pauarte.com\/es\/wp-json\/wp\/v2\/media?parent=7106"}],"wp:term":[{"taxonomy":"product_brand","embeddable":true,"href":"https:\/\/www.pauarte.com\/es\/wp-json\/wp\/v2\/product_brand?post=7106"},{"taxonomy":"product_cat","embeddable":true,"href":"https:\/\/www.pauarte.com\/es\/wp-json\/wp\/v2\/product_cat?post=7106"},{"taxonomy":"product_tag","embeddable":true,"href":"https:\/\/www.pauarte.com\/es\/wp-json\/wp\/v2\/product_tag?post=7106"}],"curies":[{"name":"wp","href":"https:\/\/api.w.org\/{rel}","templated":true}]}}