{"id":7077,"date":"2023-09-16T16:34:52","date_gmt":"2023-09-16T22:34:52","guid":{"rendered":"https:\/\/www.pauarte.com\/producto\/dave-mustaine-framed-poster\/"},"modified":"2025-12-06T22:17:14","modified_gmt":"2025-12-07T04:17:14","slug":"dave-mustaine-illustration-framed-poster","status":"publish","type":"product","link":"https:\/\/www.pauarte.com\/es\/producto\/dave-mustaine-illustration-framed-poster\/","title":{"rendered":"P\u00f3ster enmarcado con ilustraci\u00f3n de Dave Mustaine"},"content":{"rendered":"<p>Admira los detalles realistas en cada rinc\u00f3n de esta exquisita l\u00e1mina.<\/p>\n<p>No pierdas la oportunidad de tener una obra de arte \u00fanica en tu hogar o de regal\u00e1rsela a un amigo o familiar que sea fan de Megadeth.<\/p>\n<p>Dale un toque especial a cualquier habitaci\u00f3n con este p\u00f3ster enmarcado, impreso en papel mate de alta calidad. El marco negro mate, fabricado con madera procedente de bosques sostenibles, le a\u00f1ade un toque de distinci\u00f3n.<\/p>\n<p>\u2022 Marco de madera de Ayous de 1,9 cm (0,75 pulgadas) de grosor, procedente de bosques sostenibles.<br \/>\n\u2022 Grosor del papel: 10,3 mil (0,26 mm)<br \/>\n\u2022 Gramaje del papel: 189 g\/m\u00b2<br \/>\n\u2022 Ligero<br \/>\n\u2022 Protector frontal de acr\u00edlico<br \/>\n\u2022 Incluye accesorios para colgar.<\/p>\n<p>Este producto se fabrica especialmente para ti en cuanto realizas tu pedido, por eso tardamos un poco m\u00e1s en entreg\u00e1rtelo. Fabricar bajo pedido en lugar de en grandes cantidades nos ayuda a reducir la sobreproducci\u00f3n, \u00a1as\u00ed que gracias por tomar decisiones de compra conscientes!<\/p>","protected":false},"excerpt":{"rendered":"<p>Todas las medidas que se muestran aqu\u00ed est\u00e1n en pulgadas.<\/p>","protected":false},"featured_media":7084,"comment_status":"open","ping_status":"closed","template":"","meta":{"site-sidebar-layout":"default","site-content-layout":"","ast-site-content-layout":"default","site-content-style":"default","site-sidebar-style":"default","ast-global-header-display":"","ast-banner-title-visibility":"","ast-main-header-display":"","ast-hfb-above-header-display":"","ast-hfb-below-header-display":"","ast-hfb-mobile-header-display":"","site-post-title":"","ast-breadcrumbs-content":"","ast-featured-img":"","footer-sml-layout":"","theme-transparent-header-meta":"default","adv-header-id-meta":"","stick-header-meta":"","header-above-stick-meta":"","header-main-stick-meta":"","header-below-stick-meta":"","astra-migrate-meta-layouts":"set","ast-page-background-enabled":"default","ast-page-background-meta":{"desktop":{"background-color":"","background-image":"","background-repeat":"repeat","background-position":"center center","background-size":"auto","background-attachment":"scroll","background-type":"","background-media":"","overlay-type":"","overlay-color":"","overlay-opacity":"","overlay-gradient":""},"tablet":{"background-color":"","background-image":"","background-repeat":"repeat","background-position":"center center","background-size":"auto","background-attachment":"scroll","background-type":"","background-media":"","overlay-type":"","overlay-color":"","overlay-opacity":"","overlay-gradient":""},"mobile":{"background-color":"","background-image":"","background-repeat":"repeat","background-position":"center center","background-size":"auto","background-attachment":"scroll","background-type":"","background-media":"","overlay-type":"","overlay-color":"","overlay-opacity":"","overlay-gradient":""}},"ast-content-background-meta":{"desktop":{"background-color":"var(--ast-global-color-5)","background-image":"","background-repeat":"repeat","background-position":"center center","background-size":"auto","background-attachment":"scroll","background-type":"","background-media":"","overlay-type":"","overlay-color":"","overlay-opacity":"","overlay-gradient":""},"tablet":{"background-color":"var(--ast-global-color-5)","background-image":"","background-repeat":"repeat","background-position":"center center","background-size":"auto","background-attachment":"scroll","background-type":"","background-media":"","overlay-type":"","overlay-color":"","overlay-opacity":"","overlay-gradient":""},"mobile":{"background-color":"var(--ast-global-color-5)","background-image":"","background-repeat":"repeat","background-position":"center center","background-size":"auto","background-attachment":"scroll","background-type":"","background-media":"","overlay-type":"","overlay-color":"","overlay-opacity":"","overlay-gradient":""}}},"product_brand":[],"product_cat":[105,299],"product_tag":[312,265,313],"class_list":{"0":"post-7077","1":"product","2":"type-product","3":"status-publish","4":"has-post-thumbnail","6":"product_cat-digitalart","7":"product_cat-posters","8":"product_tag-100-original-illustrated","9":"product_tag-music-stars","10":"product_tag-music-stars-collection","11":"product_shipping_class-framed-poster","12":"desktop-align-left","13":"tablet-align-left","14":"mobile-align-left","16":"first","17":"instock","18":"purchasable","19":"product-type-variable"},"yoast_head":"<!-- This site is optimized with the Yoast SEO plugin v27.4 - https:\/\/yoast.com\/product\/yoast-seo-wordpress\/ -->\n<title>Dave Mustaine Illustration Framed Poster - Pauarte<\/title>\n<meta name=\"description\" content=\"Premium metal print of Dave Mustaine with a hand-drawn illustration. A perfect gift for fans of Megadeth and heavy metal collectors.\" \/>\n<meta name=\"robots\" content=\"index, follow, max-snippet:-1, max-image-preview:large, max-video-preview:-1\" \/>\n<link rel=\"canonical\" href=\"https:\/\/www.pauarte.com\/es\/producto\/dave-mustaine-illustration-framed-poster\/\" \/>\n<meta property=\"og:locale\" content=\"es_ES\" \/>\n<meta property=\"og:type\" content=\"article\" \/>\n<meta property=\"og:title\" content=\"Dave Mustaine Illustration Framed Poster - Pauarte\" \/>\n<meta property=\"og:description\" content=\"Premium metal print of Dave Mustaine with a hand-drawn illustration. A perfect gift for fans of Megadeth and heavy metal collectors.\" \/>\n<meta property=\"og:url\" content=\"https:\/\/www.pauarte.com\/es\/producto\/dave-mustaine-illustration-framed-poster\/\" \/>\n<meta property=\"og:site_name\" content=\"Pauarte\" \/>\n<meta property=\"article:modified_time\" content=\"2025-12-07T04:17:14+00:00\" \/>\n<meta property=\"og:image\" content=\"https:\/\/www.pauarte.com\/wp-content\/uploads\/2023\/09\/enhanced-matte-paper-framed-poster-in-black-18x18-transparent-65062d569d022.jpg\" \/>\n\t<meta property=\"og:image:width\" content=\"1000\" \/>\n\t<meta property=\"og:image:height\" content=\"1000\" \/>\n\t<meta property=\"og:image:type\" content=\"image\/jpeg\" \/>\n<meta name=\"twitter:card\" content=\"summary_large_image\" \/>\n<meta name=\"twitter:label1\" content=\"Est. reading time\" \/>\n\t<meta name=\"twitter:data1\" content=\"1 minuto\" \/>\n<script type=\"application\/ld+json\" class=\"yoast-schema-graph\">{\"@context\":\"https:\\\/\\\/schema.org\",\"@graph\":[{\"@type\":\"WebPage\",\"@id\":\"https:\\\/\\\/www.pauarte.com\\\/producto\\\/dave-mustaine-illustration-framed-poster\\\/\",\"url\":\"https:\\\/\\\/www.pauarte.com\\\/producto\\\/dave-mustaine-illustration-framed-poster\\\/\",\"name\":\"Dave Mustaine Illustration Framed Poster - Pauarte\",\"isPartOf\":{\"@id\":\"https:\\\/\\\/www.pauarte.com\\\/#website\"},\"primaryImageOfPage\":{\"@id\":\"https:\\\/\\\/www.pauarte.com\\\/producto\\\/dave-mustaine-illustration-framed-poster\\\/#primaryimage\"},\"image\":{\"@id\":\"https:\\\/\\\/www.pauarte.com\\\/producto\\\/dave-mustaine-illustration-framed-poster\\\/#primaryimage\"},\"thumbnailUrl\":\"https:\\\/\\\/www.pauarte.com\\\/wp-content\\\/uploads\\\/2023\\\/09\\\/enhanced-matte-paper-framed-poster-in-black-18x18-transparent-65062d569d022.jpg\",\"datePublished\":\"2023-09-16T22:34:52+00:00\",\"dateModified\":\"2025-12-07T04:17:14+00:00\",\"description\":\"Premium metal print of Dave Mustaine with a hand-drawn illustration. A perfect gift for fans of Megadeth and heavy metal collectors.\",\"breadcrumb\":{\"@id\":\"https:\\\/\\\/www.pauarte.com\\\/producto\\\/dave-mustaine-illustration-framed-poster\\\/#breadcrumb\"},\"inLanguage\":\"es-CR\",\"potentialAction\":[{\"@type\":\"ReadAction\",\"target\":[\"https:\\\/\\\/www.pauarte.com\\\/producto\\\/dave-mustaine-illustration-framed-poster\\\/\"]}]},{\"@type\":\"ImageObject\",\"inLanguage\":\"es-CR\",\"@id\":\"https:\\\/\\\/www.pauarte.com\\\/producto\\\/dave-mustaine-illustration-framed-poster\\\/#primaryimage\",\"url\":\"https:\\\/\\\/www.pauarte.com\\\/wp-content\\\/uploads\\\/2023\\\/09\\\/enhanced-matte-paper-framed-poster-in-black-18x18-transparent-65062d569d022.jpg\",\"contentUrl\":\"https:\\\/\\\/www.pauarte.com\\\/wp-content\\\/uploads\\\/2023\\\/09\\\/enhanced-matte-paper-framed-poster-in-black-18x18-transparent-65062d569d022.jpg\",\"width\":1000,\"height\":1000},{\"@type\":\"BreadcrumbList\",\"@id\":\"https:\\\/\\\/www.pauarte.com\\\/producto\\\/dave-mustaine-illustration-framed-poster\\\/#breadcrumb\",\"itemListElement\":[{\"@type\":\"ListItem\",\"position\":1,\"name\":\"Portada\",\"item\":\"https:\\\/\\\/www.pauarte.com\\\/\"},{\"@type\":\"ListItem\",\"position\":2,\"name\":\"Shop\",\"item\":\"https:\\\/\\\/www.pauarte.com\\\/shop\\\/\"},{\"@type\":\"ListItem\",\"position\":3,\"name\":\"Dave Mustaine Illustration Framed Poster\"}]},{\"@type\":\"WebSite\",\"@id\":\"https:\\\/\\\/www.pauarte.com\\\/#website\",\"url\":\"https:\\\/\\\/www.pauarte.com\\\/\",\"name\":\"Pauarte\",\"description\":\"Original Art on products\",\"publisher\":{\"@id\":\"https:\\\/\\\/www.pauarte.com\\\/#\\\/schema\\\/person\\\/2d8f88fdc14cb16c433bcc52ed42d165\"},\"potentialAction\":[{\"@type\":\"SearchAction\",\"target\":{\"@type\":\"EntryPoint\",\"urlTemplate\":\"https:\\\/\\\/www.pauarte.com\\\/?s={search_term_string}\"},\"query-input\":{\"@type\":\"PropertyValueSpecification\",\"valueRequired\":true,\"valueName\":\"search_term_string\"}}],\"inLanguage\":\"es-CR\"},{\"@type\":[\"Person\",\"Organization\"],\"@id\":\"https:\\\/\\\/www.pauarte.com\\\/#\\\/schema\\\/person\\\/2d8f88fdc14cb16c433bcc52ed42d165\",\"name\":\"Paula Rojas Brenes\",\"image\":{\"@type\":\"ImageObject\",\"inLanguage\":\"es-CR\",\"@id\":\"https:\\\/\\\/www.pauarte.com\\\/wp-content\\\/uploads\\\/2022\\\/06\\\/perfil-marketing-CIRCULO.png\",\"url\":\"https:\\\/\\\/www.pauarte.com\\\/wp-content\\\/uploads\\\/2022\\\/06\\\/perfil-marketing-CIRCULO.png\",\"contentUrl\":\"https:\\\/\\\/www.pauarte.com\\\/wp-content\\\/uploads\\\/2022\\\/06\\\/perfil-marketing-CIRCULO.png\",\"width\":1200,\"height\":1200,\"caption\":\"Paula Rojas Brenes\"},\"logo\":{\"@id\":\"https:\\\/\\\/www.pauarte.com\\\/wp-content\\\/uploads\\\/2022\\\/06\\\/perfil-marketing-CIRCULO.png\"}}]}<\/script>\n<!-- \/ Yoast SEO plugin. -->","yoast_head_json":{"title":"Dave Mustaine Illustration Framed Poster - Pauarte","description":"Premium metal print of Dave Mustaine with a hand-drawn illustration. A perfect gift for fans of Megadeth and heavy metal collectors.","robots":{"index":"index","follow":"follow","max-snippet":"max-snippet:-1","max-image-preview":"max-image-preview:large","max-video-preview":"max-video-preview:-1"},"canonical":"https:\/\/www.pauarte.com\/es\/producto\/dave-mustaine-illustration-framed-poster\/","og_locale":"es_ES","og_type":"article","og_title":"Dave Mustaine Illustration Framed Poster - Pauarte","og_description":"Premium metal print of Dave Mustaine with a hand-drawn illustration. A perfect gift for fans of Megadeth and heavy metal collectors.","og_url":"https:\/\/www.pauarte.com\/es\/producto\/dave-mustaine-illustration-framed-poster\/","og_site_name":"Pauarte","article_modified_time":"2025-12-07T04:17:14+00:00","og_image":[{"width":1000,"height":1000,"url":"https:\/\/www.pauarte.com\/wp-content\/uploads\/2023\/09\/enhanced-matte-paper-framed-poster-in-black-18x18-transparent-65062d569d022.jpg","type":"image\/jpeg"}],"twitter_card":"summary_large_image","twitter_misc":{"Est. reading time":"1 minuto"},"schema":{"@context":"https:\/\/schema.org","@graph":[{"@type":"WebPage","@id":"https:\/\/www.pauarte.com\/producto\/dave-mustaine-illustration-framed-poster\/","url":"https:\/\/www.pauarte.com\/producto\/dave-mustaine-illustration-framed-poster\/","name":"Dave Mustaine Illustration Framed Poster - Pauarte","isPartOf":{"@id":"https:\/\/www.pauarte.com\/#website"},"primaryImageOfPage":{"@id":"https:\/\/www.pauarte.com\/producto\/dave-mustaine-illustration-framed-poster\/#primaryimage"},"image":{"@id":"https:\/\/www.pauarte.com\/producto\/dave-mustaine-illustration-framed-poster\/#primaryimage"},"thumbnailUrl":"https:\/\/www.pauarte.com\/wp-content\/uploads\/2023\/09\/enhanced-matte-paper-framed-poster-in-black-18x18-transparent-65062d569d022.jpg","datePublished":"2023-09-16T22:34:52+00:00","dateModified":"2025-12-07T04:17:14+00:00","description":"Premium metal print of Dave Mustaine with a hand-drawn illustration. A perfect gift for fans of Megadeth and heavy metal collectors.","breadcrumb":{"@id":"https:\/\/www.pauarte.com\/producto\/dave-mustaine-illustration-framed-poster\/#breadcrumb"},"inLanguage":"es-CR","potentialAction":[{"@type":"ReadAction","target":["https:\/\/www.pauarte.com\/producto\/dave-mustaine-illustration-framed-poster\/"]}]},{"@type":"ImageObject","inLanguage":"es-CR","@id":"https:\/\/www.pauarte.com\/producto\/dave-mustaine-illustration-framed-poster\/#primaryimage","url":"https:\/\/www.pauarte.com\/wp-content\/uploads\/2023\/09\/enhanced-matte-paper-framed-poster-in-black-18x18-transparent-65062d569d022.jpg","contentUrl":"https:\/\/www.pauarte.com\/wp-content\/uploads\/2023\/09\/enhanced-matte-paper-framed-poster-in-black-18x18-transparent-65062d569d022.jpg","width":1000,"height":1000},{"@type":"BreadcrumbList","@id":"https:\/\/www.pauarte.com\/producto\/dave-mustaine-illustration-framed-poster\/#breadcrumb","itemListElement":[{"@type":"ListItem","position":1,"name":"Portada","item":"https:\/\/www.pauarte.com\/"},{"@type":"ListItem","position":2,"name":"Shop","item":"https:\/\/www.pauarte.com\/shop\/"},{"@type":"ListItem","position":3,"name":"Dave Mustaine Illustration Framed Poster"}]},{"@type":"WebSite","@id":"https:\/\/www.pauarte.com\/#website","url":"https:\/\/www.pauarte.com\/","name":"Pauarte","description":"Original Art on products","publisher":{"@id":"https:\/\/www.pauarte.com\/#\/schema\/person\/2d8f88fdc14cb16c433bcc52ed42d165"},"potentialAction":[{"@type":"SearchAction","target":{"@type":"EntryPoint","urlTemplate":"https:\/\/www.pauarte.com\/?s={search_term_string}"},"query-input":{"@type":"PropertyValueSpecification","valueRequired":true,"valueName":"search_term_string"}}],"inLanguage":"es-CR"},{"@type":["Person","Organization"],"@id":"https:\/\/www.pauarte.com\/#\/schema\/person\/2d8f88fdc14cb16c433bcc52ed42d165","name":"Paula Rojas Brenes","image":{"@type":"ImageObject","inLanguage":"es-CR","@id":"https:\/\/www.pauarte.com\/wp-content\/uploads\/2022\/06\/perfil-marketing-CIRCULO.png","url":"https:\/\/www.pauarte.com\/wp-content\/uploads\/2022\/06\/perfil-marketing-CIRCULO.png","contentUrl":"https:\/\/www.pauarte.com\/wp-content\/uploads\/2022\/06\/perfil-marketing-CIRCULO.png","width":1200,"height":1200,"caption":"Paula Rojas Brenes"},"logo":{"@id":"https:\/\/www.pauarte.com\/wp-content\/uploads\/2022\/06\/perfil-marketing-CIRCULO.png"}}]}},"_links":{"self":[{"href":"https:\/\/www.pauarte.com\/es\/wp-json\/wp\/v2\/product\/7077","targetHints":{"allow":["GET"]}}],"collection":[{"href":"https:\/\/www.pauarte.com\/es\/wp-json\/wp\/v2\/product"}],"about":[{"href":"https:\/\/www.pauarte.com\/es\/wp-json\/wp\/v2\/types\/product"}],"replies":[{"embeddable":true,"href":"https:\/\/www.pauarte.com\/es\/wp-json\/wp\/v2\/comments?post=7077"}],"wp:featuredmedia":[{"embeddable":true,"href":"https:\/\/www.pauarte.com\/es\/wp-json\/wp\/v2\/media\/7084"}],"wp:attachment":[{"href":"https:\/\/www.pauarte.com\/es\/wp-json\/wp\/v2\/media?parent=7077"}],"wp:term":[{"taxonomy":"product_brand","embeddable":true,"href":"https:\/\/www.pauarte.com\/es\/wp-json\/wp\/v2\/product_brand?post=7077"},{"taxonomy":"product_cat","embeddable":true,"href":"https:\/\/www.pauarte.com\/es\/wp-json\/wp\/v2\/product_cat?post=7077"},{"taxonomy":"product_tag","embeddable":true,"href":"https:\/\/www.pauarte.com\/es\/wp-json\/wp\/v2\/product_tag?post=7077"}],"curies":[{"name":"wp","href":"https:\/\/api.w.org\/{rel}","templated":true}]}}